{"id":14647,"date":"2021-08-10T14:17:41","date_gmt":"2021-08-10T18:17:41","guid":{"rendered":"https:\/\/dauermanufacturing.com\/politica-de-privacidad"},"modified":"2024-06-15T20:35:06","modified_gmt":"2024-06-16T00:35:06","slug":"politica-de-privacidad","status":"publish","type":"page","link":"https:\/\/dauermanufacturing.com\/es\/politica-de-privacidad","title":{"rendered":"Pol\u00edtica de privacidad"},"content":{"rendered":"<h1>Pol\u00edtica de privacidad de Fusa Corp\/Dauer Manufacturing<\/h1>\nEn Dauer Manufacturing, accesible desde www.DauerManufacturing.com, una de nuestras principales prioridades es la privacidad de nuestros visitantes. Este documento de Pol\u00edtica de Privacidad contiene los tipos de informaci\u00f3n que son recogidos y registrados por Dauer Manufacturing y c\u00f3mo los utilizamos.\n\nSi tiene m\u00e1s preguntas o necesita m\u00e1s informaci\u00f3n sobre nuestra pol\u00edtica de privacidad, no dude en ponerse en contacto con nosotros.\n\nEsta pol\u00edtica de privacidad se aplica \u00fanicamente a nuestras actividades en l\u00ednea y es v\u00e1lida para los visitantes de nuestro sitio web en relaci\u00f3n con la informaci\u00f3n que comparten y\/o recogen en Dauer Manufacturing. Esta pol\u00edtica no es aplicable a ninguna informaci\u00f3n recopilada fuera de l\u00ednea o a trav\u00e9s de canales distintos de este sitio web.\n<h2>Consentimiento<\/h2>\nAl utilizar nuestro sitio web, usted acepta nuestra Pol\u00edtica de Privacidad y est\u00e1 de acuerdo con sus t\u00e9rminos.\n<h2>Informaci\u00f3n que recopilamos<\/h2>\nLa informaci\u00f3n personal que se le pide, y las razones por las que se le pide, se le aclarar\u00e1n en el momento en que le pidamos que proporcione su informaci\u00f3n personal.\n\nSi se pone en contacto con nosotros directamente, podemos recibir informaci\u00f3n adicional sobre usted, como su nombre, direcci\u00f3n de correo electr\u00f3nico, n\u00famero de tel\u00e9fono, el contenido del mensaje y\/o los archivos adjuntos que nos env\u00ede, y cualquier otra informaci\u00f3n que decida proporcionar.\n\nCuando se registre en una cuenta, es posible que le pidamos su informaci\u00f3n de contacto, incluyendo elementos como el nombre, el nombre de la empresa, la direcci\u00f3n, la direcci\u00f3n de correo electr\u00f3nico y el n\u00famero de tel\u00e9fono.\n<h2>C\u00f3mo utilizamos su informaci\u00f3n<\/h2>\nUtilizamos la informaci\u00f3n que recopilamos de varias maneras, entre ellas\n<ul>\n \t<li>Proporcionar, operar y mantener nuestro sitio web<\/li>\n \t<li>Mejorar, personalizar y ampliar nuestro sitio web<\/li>\n \t<li>Comprender y analizar c\u00f3mo utiliza nuestro sitio web<\/li>\n \t<li>Desarrollar nuevos productos, servicios, caracter\u00edsticas y funcionalidades<\/li>\n \t<li>Comunicarnos con usted, ya sea directamente o a trav\u00e9s de uno de nuestros socios, incluso para el servicio de atenci\u00f3n al cliente, para proporcionarle actualizaciones y otra informaci\u00f3n relacionada con el sitio web, y para fines de marketing y promoci\u00f3n<\/li>\n \t<li>Enviarle correos electr\u00f3nicos<\/li>\n \t<li>Encontrar y prevenir el fraude<\/li>\n<\/ul>\n<h2>Archivos de registro<\/h2>\nDauer Manufacturing sigue un procedimiento est\u00e1ndar de uso de archivos de registro. Estos archivos registran a los visitantes cuando visitan los sitios web. Todas las empresas de alojamiento hacen esto y una parte de los an\u00e1lisis de los servicios de alojamiento. La informaci\u00f3n recopilada por los archivos de registro incluye las direcciones del protocolo de Internet (IP), el tipo de navegador, el proveedor de servicios de Internet (ISP), el sello de fecha y hora, las p\u00e1ginas de referencia\/salida y, posiblemente, el n\u00famero de clics. Estos no est\u00e1n vinculados a ninguna informaci\u00f3n que sea personalmente identificable. El prop\u00f3sito de la informaci\u00f3n es analizar tendencias, administrar el sitio, rastrear el movimiento de los usuarios en el sitio web y recopilar informaci\u00f3n demogr\u00e1fica.\n<h2>Cookies y balizas web<\/h2>\nComo cualquier otro sitio web, Manufacturas Dauer utiliza &#8220;cookies&#8221;. Estas cookies se utilizan para almacenar informaci\u00f3n que incluye las preferencias de los visitantes y las p\u00e1ginas del sitio web a las que el visitante accedi\u00f3 o visit\u00f3. La informaci\u00f3n se utiliza para optimizar la experiencia de los usuarios mediante la personalizaci\u00f3n del contenido de nuestra p\u00e1gina web en funci\u00f3n del tipo de navegador de los visitantes y\/o de otra informaci\u00f3n.\n<h2>Pol\u00edticas de privacidad de los socios publicitarios<\/h2>\nPuede consultar esta lista para encontrar la pol\u00edtica de privacidad de cada uno de los socios publicitarios de Dauer Manufacturing.\n\nLos servidores o redes publicitarias de terceros utilizan tecnolog\u00edas como cookies, JavaScript o Web Beacons que se utilizan en sus respectivos anuncios y enlaces que aparecen en Dauer Manufacturing, que se env\u00edan directamente al navegador de los usuarios. Cuando esto ocurre, reciben autom\u00e1ticamente su direcci\u00f3n IP. Estas tecnolog\u00edas se utilizan para medir la eficacia de sus campa\u00f1as publicitarias y\/o para personalizar el contenido publicitario que usted ve en los sitios web que visita.\n\nTenga en cuenta que Dauer Manufacturing no tiene acceso ni control sobre estas cookies que son utilizadas por terceros anunciantes.\n<h2>Pol\u00edticas de privacidad de terceros<\/h2>\nLa pol\u00edtica de privacidad de Dauer Manufacturing no se aplica a otros anunciantes o sitios web. Por lo tanto, le aconsejamos que consulte las respectivas pol\u00edticas de privacidad de estos servidores de anuncios de terceros para obtener informaci\u00f3n m\u00e1s detallada. Puede incluir sus pr\u00e1cticas e instrucciones sobre c\u00f3mo excluirse de ciertas opciones.\n\nPuede optar por desactivar las cookies a trav\u00e9s de las opciones de su navegador. Para conocer informaci\u00f3n m\u00e1s detallada sobre la gesti\u00f3n de las cookies con navegadores web espec\u00edficos, se puede encontrar en los sitios web respectivos de los navegadores.\n<h2>Derechos de privacidad de la CCPA (No vender mi informaci\u00f3n personal)<\/h2>\nSeg\u00fan la CCPA, entre otros derechos, los consumidores de California tienen derecho a:\n\nSolicitar que una empresa que recoge datos personales de un consumidor revele las categor\u00edas y los datos personales espec\u00edficos que ha recogido sobre los consumidores.\n\nSolicitar que una empresa elimine cualquier dato personal sobre el consumidor que haya recogido.\n\nSolicitar que una empresa que vende los datos personales de un consumidor, no venda los datos personales del consumidor.\n\nSi hace una solicitud, tenemos un mes para responderle. Si desea ejercer alguno de estos derechos, p\u00f3ngase en contacto con nosotros.\n<h2>Derechos de protecci\u00f3n de datos del GDPR<\/h2>\nQueremos asegurarnos de que conoce todos sus derechos en materia de protecci\u00f3n de datos. Todo usuario tiene derecho a lo siguiente:\n\nDerecho de acceso &#8211; Tiene derecho a solicitar copias de sus datos personales. Es posible que le cobremos una peque\u00f1a cuota por este servicio.\n\nDerecho de rectificaci\u00f3n &#8211; Tiene derecho a solicitar que corrijamos cualquier informaci\u00f3n que considere inexacta. Tambi\u00e9n tiene derecho a solicitar que completemos la informaci\u00f3n que considera incompleta.\n\nDerecho de supresi\u00f3n &#8211; Tiene derecho a solicitar que borremos sus datos personales, bajo ciertas condiciones.\n\nDerecho a restringir el tratamiento &#8211; Usted tiene derecho a solicitar que se restrinja el tratamiento de sus datos personales, en determinadas condiciones.\n\nDerecho a oponerse al tratamiento &#8211; Usted tiene derecho a oponerse al tratamiento de sus datos personales, en determinadas condiciones.\n\nEl derecho a la portabilidad de los datos &#8211; Usted tiene derecho a solicitar que transfiramos los datos que hemos recogido a otra organizaci\u00f3n, o directamente a usted, bajo ciertas condiciones.\n\nSi hace una solicitud, tenemos un mes para responderle. Si desea ejercer alguno de estos derechos, p\u00f3ngase en contacto con nosotros.\n<h2>Informaci\u00f3n para ni\u00f1os<\/h2>\nOtra parte de nuestra prioridad es a\u00f1adir protecci\u00f3n para los ni\u00f1os mientras usan Internet. Animamos a los padres y tutores a que observen, participen y\/o supervisen y gu\u00eden su actividad en l\u00ednea.\n\nDauer Manufacturing no recopila a sabiendas ninguna informaci\u00f3n de identificaci\u00f3n personal de ni\u00f1os menores de 13 a\u00f1os. Si cree que su hijo ha proporcionado este tipo de informaci\u00f3n en nuestro sitio web, le recomendamos encarecidamente que se ponga en contacto con nosotros inmediatamente y haremos todo lo posible para eliminar r\u00e1pidamente dicha informaci\u00f3n de nuestros registros.","protected":false},"excerpt":{"rendered":"Pol\u00edtica de privacidad de Fusa Corp\/Dauer Manufacturing En Dauer Manufacturing, accesible desde www.DauerManufacturing.com, una de nuestras principales prioridades es la privacidad de nuestros visitantes. Este documento de Pol\u00edtica de Privacidad contiene los tipos de informaci\u00f3n que son recogidos y registrados por Dauer Manufacturing y c\u00f3mo los utilizamos. Si tiene m\u00e1s preguntas o necesita m\u00e1s informaci\u00f3n&hellip; <a class=\"more-link\" href=\"https:\/\/dauermanufacturing.com\/es\/politica-de-privacidad\">Seguir leyendo <span class=\"screen-reader-text\">Pol\u00edtica de privacidad<\/span><\/a>","protected":false},"author":1,"featured_media":0,"parent":0,"menu_order":0,"comment_status":"closed","ping_status":"open","template":"template-narrow.php","meta":{"nf_dc_page":"","footnotes":""},"class_list":["post-14647","page","type-page","status-publish","hentry","entry"],"yoast_head":"<!-- This site is optimized with the Yoast SEO plugin v27.2 - https:\/\/yoast.com\/product\/yoast-seo-wordpress\/ -->\n<title>Pol\u00edtica de privacidad | Dauer Manufacturing<\/title>\n<meta name=\"robots\" content=\"index, follow, max-snippet:-1, max-image-preview:large, max-video-preview:-1\" \/>\n<link rel=\"canonical\" href=\"https:\/\/dauermanufacturing.com\/es\/politica-de-privacidad\" \/>\n<meta property=\"og:locale\" content=\"es_ES\" \/>\n<meta property=\"og:type\" content=\"article\" \/>\n<meta property=\"og:title\" content=\"Pol\u00edtica de privacidad | Dauer Manufacturing\" \/>\n<meta property=\"og:description\" content=\"Pol\u00edtica de privacidad de Fusa Corp\/Dauer Manufacturing En Dauer Manufacturing, accesible desde www.DauerManufacturing.com, una de nuestras principales prioridades es la privacidad de nuestros visitantes. Este documento de Pol\u00edtica de Privacidad contiene los tipos de informaci\u00f3n que son recogidos y registrados por Dauer Manufacturing y c\u00f3mo los utilizamos. Si tiene m\u00e1s preguntas o necesita m\u00e1s informaci\u00f3n&hellip; Seguir leyendo Pol\u00edtica de privacidad\" \/>\n<meta property=\"og:url\" content=\"https:\/\/dauermanufacturing.com\/es\/politica-de-privacidad\" \/>\n<meta property=\"og:site_name\" content=\"Dauer Manufacturing\" \/>\n<meta property=\"article:publisher\" content=\"https:\/\/www.facebook.com\/dauermanufacturing\/\" \/>\n<meta property=\"article:modified_time\" content=\"2024-06-16T00:35:06+00:00\" \/>\n<meta name=\"twitter:card\" content=\"summary_large_image\" \/>\n<meta name=\"twitter:label1\" content=\"Tiempo de lectura\" \/>\n\t<meta name=\"twitter:data1\" content=\"5 minutos\" \/>\n<script type=\"application\/ld+json\" class=\"yoast-schema-graph\">{\"@context\":\"https:\/\/schema.org\",\"@graph\":[{\"@type\":\"WebPage\",\"@id\":\"https:\/\/dauermanufacturing.com\/es\/politica-de-privacidad\",\"url\":\"https:\/\/dauermanufacturing.com\/es\/politica-de-privacidad\",\"name\":\"Pol\u00edtica de privacidad | Dauer Manufacturing\",\"isPartOf\":{\"@id\":\"https:\/\/dauermanufacturing.com\/es#website\"},\"datePublished\":\"2021-08-10T18:17:41+00:00\",\"dateModified\":\"2024-06-16T00:35:06+00:00\",\"breadcrumb\":{\"@id\":\"https:\/\/dauermanufacturing.com\/es\/politica-de-privacidad#breadcrumb\"},\"inLanguage\":\"es\",\"potentialAction\":[{\"@type\":\"ReadAction\",\"target\":[\"https:\/\/dauermanufacturing.com\/es\/politica-de-privacidad\"]}]},{\"@type\":\"BreadcrumbList\",\"@id\":\"https:\/\/dauermanufacturing.com\/es\/politica-de-privacidad#breadcrumb\",\"itemListElement\":[{\"@type\":\"ListItem\",\"position\":1,\"name\":\"Home\",\"item\":\"https:\/\/dauermanufacturing.com\/es\"},{\"@type\":\"ListItem\",\"position\":2,\"name\":\"Pol\u00edtica de privacidad\"}]},{\"@type\":\"WebSite\",\"@id\":\"https:\/\/dauermanufacturing.com\/es#website\",\"url\":\"https:\/\/dauermanufacturing.com\/es\",\"name\":\"Dauer Manufacturing\",\"description\":\"LED lamps, fixtures and transformers for the landscape lighting industry\",\"publisher\":{\"@id\":\"https:\/\/dauermanufacturing.com\/es#organization\"},\"potentialAction\":[{\"@type\":\"SearchAction\",\"target\":{\"@type\":\"EntryPoint\",\"urlTemplate\":\"https:\/\/dauermanufacturing.com\/es?s={search_term_string}\"},\"query-input\":{\"@type\":\"PropertyValueSpecification\",\"valueRequired\":true,\"valueName\":\"search_term_string\"}}],\"inLanguage\":\"es\"},{\"@type\":\"Organization\",\"@id\":\"https:\/\/dauermanufacturing.com\/es#organization\",\"name\":\"Dauer Manufacturing\",\"url\":\"https:\/\/dauermanufacturing.com\/es\",\"logo\":{\"@type\":\"ImageObject\",\"inLanguage\":\"es\",\"@id\":\"https:\/\/dauermanufacturing.com\/es#\/schema\/logo\/image\/\",\"url\":\"https:\/\/dauermanufacturing.com\/wp-content\/uploads\/2022\/07\/Dauer-Logo.jpg\",\"contentUrl\":\"https:\/\/dauermanufacturing.com\/wp-content\/uploads\/2022\/07\/Dauer-Logo.jpg\",\"width\":861,\"height\":300,\"caption\":\"Dauer Manufacturing\"},\"image\":{\"@id\":\"https:\/\/dauermanufacturing.com\/es#\/schema\/logo\/image\/\"},\"sameAs\":[\"https:\/\/www.facebook.com\/dauermanufacturing\/\",\"https:\/\/www.instagram.com\/dauermfg\/\",\"https:\/\/www.youtube.com\/channel\/UC_Fvs7gM1MbDcPAMuuluJZQ\"]}]}<\/script>\n<!-- \/ Yoast SEO plugin. -->","yoast_head_json":{"title":"Pol\u00edtica de privacidad | Dauer Manufacturing","robots":{"index":"index","follow":"follow","max-snippet":"max-snippet:-1","max-image-preview":"max-image-preview:large","max-video-preview":"max-video-preview:-1"},"canonical":"https:\/\/dauermanufacturing.com\/es\/politica-de-privacidad","og_locale":"es_ES","og_type":"article","og_title":"Pol\u00edtica de privacidad | Dauer Manufacturing","og_description":"Pol\u00edtica de privacidad de Fusa Corp\/Dauer Manufacturing En Dauer Manufacturing, accesible desde www.DauerManufacturing.com, una de nuestras principales prioridades es la privacidad de nuestros visitantes. Este documento de Pol\u00edtica de Privacidad contiene los tipos de informaci\u00f3n que son recogidos y registrados por Dauer Manufacturing y c\u00f3mo los utilizamos. Si tiene m\u00e1s preguntas o necesita m\u00e1s informaci\u00f3n&hellip; Seguir leyendo Pol\u00edtica de privacidad","og_url":"https:\/\/dauermanufacturing.com\/es\/politica-de-privacidad","og_site_name":"Dauer Manufacturing","article_publisher":"https:\/\/www.facebook.com\/dauermanufacturing\/","article_modified_time":"2024-06-16T00:35:06+00:00","twitter_card":"summary_large_image","twitter_misc":{"Tiempo de lectura":"5 minutos"},"schema":{"@context":"https:\/\/schema.org","@graph":[{"@type":"WebPage","@id":"https:\/\/dauermanufacturing.com\/es\/politica-de-privacidad","url":"https:\/\/dauermanufacturing.com\/es\/politica-de-privacidad","name":"Pol\u00edtica de privacidad | Dauer Manufacturing","isPartOf":{"@id":"https:\/\/dauermanufacturing.com\/es#website"},"datePublished":"2021-08-10T18:17:41+00:00","dateModified":"2024-06-16T00:35:06+00:00","breadcrumb":{"@id":"https:\/\/dauermanufacturing.com\/es\/politica-de-privacidad#breadcrumb"},"inLanguage":"es","potentialAction":[{"@type":"ReadAction","target":["https:\/\/dauermanufacturing.com\/es\/politica-de-privacidad"]}]},{"@type":"BreadcrumbList","@id":"https:\/\/dauermanufacturing.com\/es\/politica-de-privacidad#breadcrumb","itemListElement":[{"@type":"ListItem","position":1,"name":"Home","item":"https:\/\/dauermanufacturing.com\/es"},{"@type":"ListItem","position":2,"name":"Pol\u00edtica de privacidad"}]},{"@type":"WebSite","@id":"https:\/\/dauermanufacturing.com\/es#website","url":"https:\/\/dauermanufacturing.com\/es","name":"Dauer Manufacturing","description":"LED lamps, fixtures and transformers for the landscape lighting industry","publisher":{"@id":"https:\/\/dauermanufacturing.com\/es#organization"},"potentialAction":[{"@type":"SearchAction","target":{"@type":"EntryPoint","urlTemplate":"https:\/\/dauermanufacturing.com\/es?s={search_term_string}"},"query-input":{"@type":"PropertyValueSpecification","valueRequired":true,"valueName":"search_term_string"}}],"inLanguage":"es"},{"@type":"Organization","@id":"https:\/\/dauermanufacturing.com\/es#organization","name":"Dauer Manufacturing","url":"https:\/\/dauermanufacturing.com\/es","logo":{"@type":"ImageObject","inLanguage":"es","@id":"https:\/\/dauermanufacturing.com\/es#\/schema\/logo\/image\/","url":"https:\/\/dauermanufacturing.com\/wp-content\/uploads\/2022\/07\/Dauer-Logo.jpg","contentUrl":"https:\/\/dauermanufacturing.com\/wp-content\/uploads\/2022\/07\/Dauer-Logo.jpg","width":861,"height":300,"caption":"Dauer Manufacturing"},"image":{"@id":"https:\/\/dauermanufacturing.com\/es#\/schema\/logo\/image\/"},"sameAs":["https:\/\/www.facebook.com\/dauermanufacturing\/","https:\/\/www.instagram.com\/dauermfg\/","https:\/\/www.youtube.com\/channel\/UC_Fvs7gM1MbDcPAMuuluJZQ"]}]}},"meta_box":{"category_cards":[{"_state":"collapsed"}],"wpgmdev_hero_carousel_items":[{"wpgmdev_hero_carousel_items_interval":"5000","wpgmdev_hero_carousel_items_title":"<h2>The Title goes here <span>Bold content<\/span><\/h2>","wpgmdev_hero_carousel_items_button_label":"Read More","_state":"expanded"}]},"_links":{"self":[{"href":"https:\/\/dauermanufacturing.com\/es\/wp-json\/wp\/v2\/pages\/14647","targetHints":{"allow":["GET"]}}],"collection":[{"href":"https:\/\/dauermanufacturing.com\/es\/wp-json\/wp\/v2\/pages"}],"about":[{"href":"https:\/\/dauermanufacturing.com\/es\/wp-json\/wp\/v2\/types\/page"}],"author":[{"embeddable":true,"href":"https:\/\/dauermanufacturing.com\/es\/wp-json\/wp\/v2\/users\/1"}],"replies":[{"embeddable":true,"href":"https:\/\/dauermanufacturing.com\/es\/wp-json\/wp\/v2\/comments?post=14647"}],"version-history":[{"count":0,"href":"https:\/\/dauermanufacturing.com\/es\/wp-json\/wp\/v2\/pages\/14647\/revisions"}],"wp:attachment":[{"href":"https:\/\/dauermanufacturing.com\/es\/wp-json\/wp\/v2\/media?parent=14647"}],"curies":[{"name":"wp","href":"https:\/\/api.w.org\/{rel}","templated":true}]}}