{"id":15125,"date":"2021-08-11T15:39:35","date_gmt":"2021-08-11T19:39:35","guid":{"rendered":"https:\/\/dauermanufacturing.com\/?page_id=15125"},"modified":"2026-01-02T16:48:38","modified_gmt":"2026-01-02T21:48:38","slug":"inicio","status":"publish","type":"page","link":"https:\/\/dauermanufacturing.com\/es","title":{"rendered":"Inicio"},"content":{"rendered":"\n\n    <div class=\"hero-carousel\">   \n        <div id=\"heroCarousel\" class=\"carousel slide\" data-bs-ride=\"carousel\">\n            <div class=\"carousel-inner\">\n\n                \n\n                        <div class=\"carousel-item  active\" data-bs-interval=\"5000\">\n                            <img decoding=\"async\" class=\"d-none d-sm-none d-md-none d-lg-block\" src=\"https:\/\/dauermanufacturing.com\/wp-content\/uploads\/2026\/01\/carousel-house.jpg\" alt=\"\" width=\"100%\"><!-- desktop -->\n                            <img decoding=\"async\" class=\"d-block d-lg-none\" src=\"https:\/\/dauermanufacturing.com\/wp-content\/uploads\/2026\/01\/carousel-house-640x400.jpg\" alt=\"\" width=\"100%\"><!-- mobile and tablet -->\n                            <div class=\"container\">\n                                <div class=\"carousel-caption text-start\">\n                                    <h2>Paisajes Vibrantes <span>Creados por Dauer<\/span><\/h2>                                    <a class=\"btn\" href=\"https:\/\/dauermanufacturing.com\/es\/productos\/productos-para-paisajes\">Leer m\u00e1s<\/a>\n                                <\/div>\n                            <\/div><!-- container -->\n                        <\/div><!-- carousel-item -->\n                        \n                                    \n\n                        <div class=\"carousel-item \" data-bs-interval=\"5000\">\n                            <img decoding=\"async\" class=\"d-none d-sm-none d-md-none d-lg-block\" src=\"https:\/\/dauermanufacturing.com\/wp-content\/uploads\/2026\/01\/carousel-dock.jpg\" alt=\"\" width=\"100%\"><!-- desktop -->\n                            <img decoding=\"async\" class=\"d-block d-lg-none\" src=\"https:\/\/dauermanufacturing.com\/wp-content\/uploads\/2026\/01\/carousel-dock-640x400.jpg\" alt=\"\" width=\"100%\"><!-- mobile and tablet -->\n                            <div class=\"container\">\n                                <div class=\"carousel-caption text-start\">\n                                    <h2>Vistas Nocturnas <span>Creadas por Dauer<\/span><\/h2>                                    <a class=\"btn\" href=\"https:\/\/dauermanufacturing.com\/es\/productos\/marcadores-y-luces-empotradas\">Leer m\u00e1s<\/a>\n                                <\/div>\n                            <\/div><!-- container -->\n                        <\/div><!-- carousel-item -->\n                        \n                                    \n            <\/div><!-- carousel-inner -->\n\n            <button class=\"carousel-control-prev\" type=\"button\" data-bs-target=\"#heroCarousel\" data-bs-slide=\"prev\">\n                <span class=\"carousel-control-prev-icon\" aria-hidden=\"true\"><\/span>\n                <span class=\"visually-hidden\">Previous<\/span>\n            <\/button>\n            <button class=\"carousel-control-next\" type=\"button\" data-bs-target=\"#heroCarousel\" data-bs-slide=\"next\">\n                <span class=\"carousel-control-next-icon\" aria-hidden=\"true\"><\/span>\n                <span class=\"visually-hidden\">Next<\/span>\n            <\/button>\n\n        <\/div><!-- carousel -->\n    <\/div><!-- hero-carousel -->\n\n\n\n\n\n\n<div id=\"mb-block-47f40db6-b5f9-4f01-8a81-dad8b4dba350\" class=\"block__custom-carousel block-loading  preview carousel-large\" styles=\"\">\n\n    \n<\/div>\n\n\n\n<div id=\"custom-reward-program-cta\" class=\"block__custom-reward-program-cta block-loading  preview\" styles=\"\">\n\n    <div class=\"wrapper\">\n        <img decoding=\"async\" src=\"https:\/\/dauermanufacturing.com\/wp-content\/uploads\/2021\/08\/dauer-power-play-logo.png\" alt=\"Logo Image\">\n        <p class=\"\">Nuestro programa Power Play pone el poder de Dauer en sus manos, al recompensar su lealtad con incentivos y beneficios que mejoran su forma de hacer negocios. Ser parte de nuestro programa de iluminaci\u00f3n profesional no cuesta nada y hay muchos tipos diferentes de recompensas disponibles que se adaptan a su negocio.<\/p>\n        <a class=\"btn\" href=\"https:\/\/dauermanufacturing.com\/es\/registro-de-miembros\" target=\"_blank\">\n            Inscr\u00edbete hoy        <\/a>\n    <\/div>\n\n<\/div>\n\n\n\n<div id=\"custom-container-69ea0fc9ab75a8.78900499\" class=\"block__custom-container block-loading bc-transparent wide pt-medium pb-none bb-transparent preview \" style=\"\">\n\n            <div class=\"container\">\n    \n        <div class=\"wrapper\">\n            \n\n<h2 class=\"wp-block-heading has-black-color has-text-color has-link-color wp-elements-d58895eca4b0fe397994dc35b9820535\">Descubre el poder de Dauer\u2026 fabricantes de iluminaci\u00f3n led para paisajes. Al por mayor al comercio.<\/h2>\n\n\n        <\/div>\n\n     \n        <\/div>\n    \n<\/div>\n\n\n \n\n\n\n<div id=\"custom-grid\" class=\"block-loading block__custom-grid  preview cols-4 padding-none services-grid img-150 white\" styles=\"\">\n\n    \n                    <div class=\"container\">\n        \n            \n            <div class=\"wrapper\">\n        \n                                                                            <div class=\"item\">\n\n                                    \n                                                                                    <a id=\"CustomGrid-1\" href=\"https:\/\/dauermanufacturing.com\/es\/productos\/productos-para-paisajes\" >\n                                                <img decoding=\"async\" class=\"thumb\" src=\"https:\/\/dauermanufacturing.com\/wp-content\/uploads\/2021\/10\/featured-catg-led-landscape.png\">\n                                                                                                    <span class=\"title\">Iluminaci\u00f3n LED para Paisajes<\/span>\n                                                                                            <\/a>\n                                        \n                                        \n                                        \n                                        \n                                        \n                                        \n                                        \n                                        \n\n                                                                                    <a class=\"btn\" href=\"https:\/\/dauermanufacturing.com\/es\/productos\/productos-para-paisajes\" aria-label=\"Ver m\u00e1s\">Ver m\u00e1s<\/a>\n                                                                                \n                                                                    <\/div>\n                                                                                                                <div class=\"item\">\n\n                                    \n                                                                                    <a id=\"CustomGrid-2\" href=\"https:\/\/dauermanufacturing.com\/es\/productos\/pivotes\" >\n                                                <img decoding=\"async\" class=\"thumb\" src=\"https:\/\/dauermanufacturing.com\/wp-content\/uploads\/2021\/10\/featured-catg-led-bollards.png\">\n                                                                                                    <span class=\"title\">PIvotes LED<\/span>\n                                                                                            <\/a>\n                                        \n                                        \n                                        \n                                        \n                                        \n                                        \n                                        \n                                        \n\n                                                                                    <a class=\"btn\" href=\"https:\/\/dauermanufacturing.com\/es\/productos\/pivotes\" aria-label=\"Ver m\u00e1s\">Ver m\u00e1s<\/a>\n                                                                                \n                                                                    <\/div>\n                                                                                                                <div class=\"item\">\n\n                                    \n                                                                                    <a id=\"CustomGrid-3\" href=\"https:\/\/dauermanufacturing.com\/es\/lamparas-dauer\" >\n                                                <img decoding=\"async\" class=\"thumb\" src=\"https:\/\/dauermanufacturing.com\/wp-content\/uploads\/2021\/10\/featured-catg-led-lamps-n-bulbs.png\">\n                                                                                                    <span class=\"title\">Lamparas y Bombillas Dauer<\/span>\n                                                                                            <\/a>\n                                        \n                                        \n                                        \n                                        \n                                        \n                                        \n                                        \n                                        \n\n                                                                                    <a class=\"btn\" href=\"https:\/\/dauermanufacturing.com\/es\/lamparas-dauer\" aria-label=\"Ver m\u00e1s\">Ver m\u00e1s<\/a>\n                                                                                \n                                                                    <\/div>\n                                                                                                                <div class=\"item\">\n\n                                    \n                                                                                    <a id=\"CustomGrid-4\" href=\"https:\/\/dauermanufacturing.com\/es\/productos\/productos-comerciales\" >\n                                                <img decoding=\"async\" class=\"thumb\" src=\"https:\/\/dauermanufacturing.com\/wp-content\/uploads\/2021\/10\/featuted-catg-commercial-led.png\">\n                                                                                                    <span class=\"title\">Luces Comerciales<\/span>\n                                                                                            <\/a>\n                                        \n                                        \n                                        \n                                        \n                                        \n                                        \n                                        \n                                        \n\n                                                                                    <a class=\"btn\" href=\"https:\/\/dauermanufacturing.com\/es\/productos\/productos-comerciales\" aria-label=\"Ver m\u00e1s\">Ver m\u00e1s<\/a>\n                                                                                \n                                                                    <\/div>\n                                                                    \n            <\/div>  \n\n            \n                    <\/div>\n                \n    \n<\/div>\n\n\n \n\n\n\n<div id=\"custom-container-69ea0fc9abe611.33476588\" class=\"block__custom-container block-loading bc-transparent narrow pt-small pb-large bb-transparent preview \" style=\"\">\n\n            <div class=\"container\">\n    \n        <div class=\"wrapper\">\n            \n\n<p class=\"lead has-black-color has-text-color has-link-color wp-elements-b7ce4fb75d22bf017d5297edc18acdac\">Dauer Manufacturing tiene una amplia colecci\u00f3n de iluminaci\u00f3n certificada como segura para la vida silvestre y aprobada para uso costero y forestal.<\/p>\n\n\n\n\n<div id=\"custom-more-button\" class=\"block-loading block__custom-more-button preview  btn-large    bc-orange \" styles=\"\">\n    \n    <a class=\"btn open-signup-modal\" href=\"#signUpModal\" data-bs-toggle=\"modal\" style=\"\">         Suscr\u00edbete al bolet\u00edn    <\/a>\n\n<\/div>\n\n \n\n        <\/div>\n\n     \n        <\/div>\n    \n<\/div>\n\n\n \n\n\n\n<div id=\"custom-feature\" class=\"block-loading block__custom-feature  is-switched  cw-50  sp-medium  cp-large  bc-black  bg-pos-center  is-overlay  preview \" style=\"\">\n\n    \n            <div class=\"container\">\n            <div class=\"wrapper\">\n\n            <div class=\"column media \">\n                                                            <div class=\"thumbnail-image\" style=\"background-image: url( \/\/dauermanufacturing.com\/wp-content\/uploads\/2021\/10\/passionately-LED-640x640.jpg ); \"><\/div>\n                                                <\/div>\n            \n\n            <div class=\"column info \">\n                \n\n<h1 class=\"wp-block-heading has-white-color has-text-color has-link-color wp-elements-431dc021026b5e4a4b97d4495ff4c519\">LED APASIONADAMENTE<\/h1>\n\n\n\n<p class=\"has-white-color has-text-color has-link-color wp-elements-f9e83aeceb868902ec3ae5968de7d073\">DAUER es un fabricante estadounidense de l\u00e1mparas, accesorios y transformadores LED altamente eficientes y duraderos. El nombre Dauer representa una gran competencia y un incre\u00edble valor general en iluminaci\u00f3n LED de nivel profesional. Nuestra iluminaci\u00f3n LED para exteriores al por mayor y al comercio, bolardos LED, l\u00e1mparas\/bombillas LED Dauer y sistemas de iluminaci\u00f3n LED comerciales son apreciados por su calidad excepcional, dise\u00f1o y eficiencia energ\u00e9tica.<\/p>\n\n\n\n\n<div id=\"custom-more-button\" class=\"block-loading block__custom-more-button open-signup-modalpreview  btn-medium    bc-orange \" styles=\"\">\n    \n    <a class=\"btn \" href=\"https:\/\/dauermanufacturing.com\/es\/acerca\"  style=\"\">         Ver m\u00e1s    <\/a>\n\n<\/div>\n\n \n\n            <\/div>\n\n        <\/div>\n\n            <\/div>\n    \n<\/div>\n\n \n\n\n\n<div id=\"custom-featured-catalogs\" class=\"block__custom-featured-catalogs block-loading  preview cols-3\" styles=\"\">\n\n    \n        <div class=\"container\">\n\n                            <h2>Cat\u00e1logos y Videos: Explore la Experiencia de Dauer como Fabricante de Luces LED<\/h2>\n            \n            <div class=\"wrapper\">\n        \n                                            <div class=\"item\">\n\n                                <a id=\"CustomGridThumbnail-1\" class=\"thumb\" href=\"https:\/\/dauermanufacturing.com\/wp-content\/uploads\/2026\/03\/26010-DAUER-_2026-e-brochure-for-website.pdf\">\n                                    <img decoding=\"async\" src=\"https:\/\/dauermanufacturing.com\/wp-content\/uploads\/2026\/03\/Products-Brochure-2026-640x640.webp\">\n                                <\/a>\n\n                                <a id=\"CustomGridTitle-1\" class=\"title\" href=\"https:\/\/dauermanufacturing.com\/wp-content\/uploads\/2026\/03\/26010-DAUER-_2026-e-brochure-for-website.pdf\">\n                                    Folleto de Productos 2026                                 <\/a>\n\n                            <\/div>\n\n                                                    <div class=\"item\">\n\n                                <a id=\"CustomGridThumbnail-2\" class=\"thumb\" href=\"https:\/\/dauermanufacturing.com\/catalogs-and-videos\/silhouette-bollard-making-process\">\n                                    <img decoding=\"async\" src=\"https:\/\/dauermanufacturing.com\/wp-content\/uploads\/2021\/10\/sillouette-bollard-making-process-640x640.jpg\">\n                                <\/a>\n\n                                <a id=\"CustomGridTitle-2\" class=\"title\" href=\"https:\/\/dauermanufacturing.com\/catalogs-and-videos\/silhouette-bollard-making-process\">\n                                    Fabricaci\u00f3n de Pivotes de Silueta                                <\/a>\n\n                            <\/div>\n\n                                                    <div class=\"item\">\n\n                                <a id=\"CustomGridThumbnail-3\" class=\"thumb\" href=\"https:\/\/dauermanufacturing.com\/catalogs-and-videos\/dauer-video\">\n                                    <img decoding=\"async\" src=\"https:\/\/dauermanufacturing.com\/wp-content\/uploads\/2021\/10\/elegant-accents-jeff-voth-640x640.jpg\">\n                                <\/a>\n\n                                <a id=\"CustomGridTitle-3\" class=\"title\" href=\"https:\/\/dauermanufacturing.com\/catalogs-and-videos\/dauer-video\">\n                                    V\u00eddeo de la Empresa Dauer                                <\/a>\n\n                            <\/div>\n\n                                        \n            <\/div>\n\n                            <a class=\"btn\" href=\"http:\/\/dauermanufacturing.com\/es\/catalogos-y-videos\" aria-label=\"Ver Todos\">Ver Todos<\/a>\n            \n        <\/div>\n    \n<\/div>\n\n\n ","protected":false},"excerpt":{"rendered":"","protected":false},"author":8,"featured_media":0,"parent":0,"menu_order":0,"comment_status":"closed","ping_status":"closed","template":"template-home.php","meta":{"nf_dc_page":"","footnotes":""},"class_list":["post-15125","page","type-page","status-publish","hentry","entry"],"yoast_head":"<!-- This site is optimized with the Yoast SEO plugin v27.2 - https:\/\/yoast.com\/product\/yoast-seo-wordpress\/ -->\n<title>Inicio | Dauer Manufacturing<\/title>\n<meta name=\"robots\" content=\"index, follow, max-snippet:-1, max-image-preview:large, max-video-preview:-1\" \/>\n<link rel=\"canonical\" href=\"https:\/\/dauermanufacturing.com\/es\" \/>\n<meta property=\"og:locale\" content=\"es_ES\" \/>\n<meta property=\"og:type\" content=\"article\" \/>\n<meta property=\"og:title\" content=\"Inicio | Dauer Manufacturing\" \/>\n<meta property=\"og:url\" content=\"https:\/\/dauermanufacturing.com\/es\" \/>\n<meta property=\"og:site_name\" content=\"Dauer Manufacturing\" \/>\n<meta property=\"article:publisher\" content=\"https:\/\/www.facebook.com\/dauermanufacturing\/\" \/>\n<meta property=\"article:modified_time\" content=\"2026-01-02T21:48:38+00:00\" \/>\n<meta name=\"twitter:card\" content=\"summary_large_image\" \/>\n<meta name=\"twitter:label1\" content=\"Tiempo de lectura\" \/>\n\t<meta name=\"twitter:data1\" content=\"1 minuto\" \/>\n<script type=\"application\/ld+json\" class=\"yoast-schema-graph\">{\"@context\":\"https:\/\/schema.org\",\"@graph\":[{\"@type\":\"WebPage\",\"@id\":\"https:\/\/dauermanufacturing.com\/es\",\"url\":\"https:\/\/dauermanufacturing.com\/es\",\"name\":\"Inicio | Dauer Manufacturing\",\"isPartOf\":{\"@id\":\"https:\/\/dauermanufacturing.com\/es#website\"},\"datePublished\":\"2021-08-11T19:39:35+00:00\",\"dateModified\":\"2026-01-02T21:48:38+00:00\",\"breadcrumb\":{\"@id\":\"https:\/\/dauermanufacturing.com\/es#breadcrumb\"},\"inLanguage\":\"es\",\"potentialAction\":[{\"@type\":\"ReadAction\",\"target\":[\"https:\/\/dauermanufacturing.com\/es\"]}]},{\"@type\":\"BreadcrumbList\",\"@id\":\"https:\/\/dauermanufacturing.com\/es#breadcrumb\",\"itemListElement\":[{\"@type\":\"ListItem\",\"position\":1,\"name\":\"Home\",\"item\":\"https:\/\/dauermanufacturing.com\/es\"},{\"@type\":\"ListItem\",\"position\":2,\"name\":\"Inicio\"}]},{\"@type\":\"WebSite\",\"@id\":\"https:\/\/dauermanufacturing.com\/es#website\",\"url\":\"https:\/\/dauermanufacturing.com\/es\",\"name\":\"Dauer Manufacturing\",\"description\":\"LED lamps, fixtures and transformers for the landscape lighting industry\",\"publisher\":{\"@id\":\"https:\/\/dauermanufacturing.com\/es#organization\"},\"potentialAction\":[{\"@type\":\"SearchAction\",\"target\":{\"@type\":\"EntryPoint\",\"urlTemplate\":\"https:\/\/dauermanufacturing.com\/es?s={search_term_string}\"},\"query-input\":{\"@type\":\"PropertyValueSpecification\",\"valueRequired\":true,\"valueName\":\"search_term_string\"}}],\"inLanguage\":\"es\"},{\"@type\":\"Organization\",\"@id\":\"https:\/\/dauermanufacturing.com\/es#organization\",\"name\":\"Dauer Manufacturing\",\"url\":\"https:\/\/dauermanufacturing.com\/es\",\"logo\":{\"@type\":\"ImageObject\",\"inLanguage\":\"es\",\"@id\":\"https:\/\/dauermanufacturing.com\/es#\/schema\/logo\/image\/\",\"url\":\"https:\/\/dauermanufacturing.com\/wp-content\/uploads\/2022\/07\/Dauer-Logo.jpg\",\"contentUrl\":\"https:\/\/dauermanufacturing.com\/wp-content\/uploads\/2022\/07\/Dauer-Logo.jpg\",\"width\":861,\"height\":300,\"caption\":\"Dauer Manufacturing\"},\"image\":{\"@id\":\"https:\/\/dauermanufacturing.com\/es#\/schema\/logo\/image\/\"},\"sameAs\":[\"https:\/\/www.facebook.com\/dauermanufacturing\/\",\"https:\/\/www.instagram.com\/dauermfg\/\",\"https:\/\/www.youtube.com\/channel\/UC_Fvs7gM1MbDcPAMuuluJZQ\"]}]}<\/script>\n<!-- \/ Yoast SEO plugin. -->","yoast_head_json":{"title":"Inicio | Dauer Manufacturing","robots":{"index":"index","follow":"follow","max-snippet":"max-snippet:-1","max-image-preview":"max-image-preview:large","max-video-preview":"max-video-preview:-1"},"canonical":"https:\/\/dauermanufacturing.com\/es","og_locale":"es_ES","og_type":"article","og_title":"Inicio | Dauer Manufacturing","og_url":"https:\/\/dauermanufacturing.com\/es","og_site_name":"Dauer Manufacturing","article_publisher":"https:\/\/www.facebook.com\/dauermanufacturing\/","article_modified_time":"2026-01-02T21:48:38+00:00","twitter_card":"summary_large_image","twitter_misc":{"Tiempo de lectura":"1 minuto"},"schema":{"@context":"https:\/\/schema.org","@graph":[{"@type":"WebPage","@id":"https:\/\/dauermanufacturing.com\/es","url":"https:\/\/dauermanufacturing.com\/es","name":"Inicio | Dauer Manufacturing","isPartOf":{"@id":"https:\/\/dauermanufacturing.com\/es#website"},"datePublished":"2021-08-11T19:39:35+00:00","dateModified":"2026-01-02T21:48:38+00:00","breadcrumb":{"@id":"https:\/\/dauermanufacturing.com\/es#breadcrumb"},"inLanguage":"es","potentialAction":[{"@type":"ReadAction","target":["https:\/\/dauermanufacturing.com\/es"]}]},{"@type":"BreadcrumbList","@id":"https:\/\/dauermanufacturing.com\/es#breadcrumb","itemListElement":[{"@type":"ListItem","position":1,"name":"Home","item":"https:\/\/dauermanufacturing.com\/es"},{"@type":"ListItem","position":2,"name":"Inicio"}]},{"@type":"WebSite","@id":"https:\/\/dauermanufacturing.com\/es#website","url":"https:\/\/dauermanufacturing.com\/es","name":"Dauer Manufacturing","description":"LED lamps, fixtures and transformers for the landscape lighting industry","publisher":{"@id":"https:\/\/dauermanufacturing.com\/es#organization"},"potentialAction":[{"@type":"SearchAction","target":{"@type":"EntryPoint","urlTemplate":"https:\/\/dauermanufacturing.com\/es?s={search_term_string}"},"query-input":{"@type":"PropertyValueSpecification","valueRequired":true,"valueName":"search_term_string"}}],"inLanguage":"es"},{"@type":"Organization","@id":"https:\/\/dauermanufacturing.com\/es#organization","name":"Dauer Manufacturing","url":"https:\/\/dauermanufacturing.com\/es","logo":{"@type":"ImageObject","inLanguage":"es","@id":"https:\/\/dauermanufacturing.com\/es#\/schema\/logo\/image\/","url":"https:\/\/dauermanufacturing.com\/wp-content\/uploads\/2022\/07\/Dauer-Logo.jpg","contentUrl":"https:\/\/dauermanufacturing.com\/wp-content\/uploads\/2022\/07\/Dauer-Logo.jpg","width":861,"height":300,"caption":"Dauer Manufacturing"},"image":{"@id":"https:\/\/dauermanufacturing.com\/es#\/schema\/logo\/image\/"},"sameAs":["https:\/\/www.facebook.com\/dauermanufacturing\/","https:\/\/www.instagram.com\/dauermfg\/","https:\/\/www.youtube.com\/channel\/UC_Fvs7gM1MbDcPAMuuluJZQ"]}]}},"meta_box":{"category_cards":[{"_state":"collapsed"}],"wpgmdev_hero_carousel_items":[{"wpgmdev_hero_carousel_items_interval":"5000","wpgmdev_hero_carousel_items_image":["20238"],"wpgmdev_hero_carousel_items_title":"<h2>Paisajes Vibrantes <span>Creados por Dauer<\/span><\/h2>","wpgmdev_hero_carousel_items_button_label":"Leer m\u00e1s","wpgmdev_hero_carousel_items_button_url":"https:\/\/dauermanufacturing.com\/es\/productos\/productos-para-paisajes","_state":"expanded"},{"wpgmdev_hero_carousel_items_interval":"5000","wpgmdev_hero_carousel_items_image":["20239"],"wpgmdev_hero_carousel_items_title":"<h2>Vistas Nocturnas <span>Creadas por Dauer<\/span><\/h2>","wpgmdev_hero_carousel_items_button_label":"Leer m\u00e1s","wpgmdev_hero_carousel_items_button_url":"https:\/\/dauermanufacturing.com\/es\/productos\/marcadores-y-luces-empotradas"}]},"_links":{"self":[{"href":"https:\/\/dauermanufacturing.com\/es\/wp-json\/wp\/v2\/pages\/15125","targetHints":{"allow":["GET"]}}],"collection":[{"href":"https:\/\/dauermanufacturing.com\/es\/wp-json\/wp\/v2\/pages"}],"about":[{"href":"https:\/\/dauermanufacturing.com\/es\/wp-json\/wp\/v2\/types\/page"}],"author":[{"embeddable":true,"href":"https:\/\/dauermanufacturing.com\/es\/wp-json\/wp\/v2\/users\/8"}],"replies":[{"embeddable":true,"href":"https:\/\/dauermanufacturing.com\/es\/wp-json\/wp\/v2\/comments?post=15125"}],"version-history":[{"count":1,"href":"https:\/\/dauermanufacturing.com\/es\/wp-json\/wp\/v2\/pages\/15125\/revisions"}],"predecessor-version":[{"id":20240,"href":"https:\/\/dauermanufacturing.com\/es\/wp-json\/wp\/v2\/pages\/15125\/revisions\/20240"}],"wp:attachment":[{"href":"https:\/\/dauermanufacturing.com\/es\/wp-json\/wp\/v2\/media?parent=15125"}],"curies":[{"name":"wp","href":"https:\/\/api.w.org\/{rel}","templated":true}]}}