{"id":15387,"date":"2021-08-11T15:17:05","date_gmt":"2021-08-11T19:17:05","guid":{"rendered":"https:\/\/dauermanufacturing.com\/acerca-de"},"modified":"2025-11-03T14:48:02","modified_gmt":"2025-11-03T19:48:02","slug":"acerca","status":"publish","type":"page","link":"https:\/\/dauermanufacturing.com\/es\/acerca","title":{"rendered":"Acerca"},"content":{"rendered":"\n<!-- desktop -->\n<div class=\"d-none d-sm-none d-md-none d-lg-block\">\n            <div class=\"image-banner block section section-01 parallax-window\" data-parallax=\"scroll\" data-image-src=\"https:\/\/dauermanufacturing.com\/wp-content\/uploads\/2021\/09\/outdoor-low-voltage-lighting-v2-1920x640.jpg\">\n    \n        <div class=\"container\">\n            <div class=\"wrapper \">\n                <div class=\"info\">\n                    <h2>L\u00edder de la Industria<\/h2>\n                    <div class=\"lead\"><p>Dauer puede personalizar sus sistemas de iluminaci\u00f3n LED seg\u00fan sus necesidades. Dauer valora la calidad y nuestra principal prioridad es la satisfacci\u00f3n de nuestros distribuidores LED, contratistas LED y clientes de iluminaci\u00f3n LED comercial. Ofrecemos entrega simplificada directamente a usted. Mientras celebramos m\u00e1s de 20 a\u00f1os, estamos orgullosos de continuar con nuestro legado de soluciones de iluminaci\u00f3n LED innovadoras y duraderas.<\/p>\n<\/div>\n                <\/div>\n            <\/div>\n        <\/div>\n    <\/div><!-- item -->\n<\/div>\n\n<!-- mobile -->\n<div class=\"editor-hidden d-block d-lg-none\">\n    <div class=\"image-banner block\"> \n        <img decoding=\"async\" src=\"https:\/\/dauermanufacturing.com\/wp-content\/uploads\/2021\/09\/outdoor-low-voltage-lighting-v2-640x400.jpg\" alt=\"\" width=\"100%\">\n        \n        <div class=\"wrapper\">\n            <div class=\"info\">\n                <div class=\"container\">\n                    <h2>L\u00edder de la Industria<\/h2>\n                    <div class=\"lead\"><p>Dauer puede personalizar sus sistemas de iluminaci\u00f3n LED seg\u00fan sus necesidades. Dauer valora la calidad y nuestra principal prioridad es la satisfacci\u00f3n de nuestros distribuidores LED, contratistas LED y clientes de iluminaci\u00f3n LED comercial. Ofrecemos entrega simplificada directamente a usted. Mientras celebramos m\u00e1s de 20 a\u00f1os, estamos orgullosos de continuar con nuestro legado de soluciones de iluminaci\u00f3n LED innovadoras y duraderas.<\/p>\n<\/div>\n                <\/div>\n            <\/div>\n        <\/div>\n        <\/div>\n    <\/div><!-- item -->\n<\/div>\n\n\n\n\n\n\n<div class=\"centered-large-text block\"> \n    <div class=\"container\">\n        <div class=\"row justify-content-center\">\n            <div class=\"col-md-12 col-lg-8\">\n                <div class=\"wrapper\">\n                    <div class=\"info\">\n                        <h2>Tratamos a los clientes como familia<\/h2>\n                        <div class=\"lead\"><p>Muchos de nuestros clientes son empresas familiares transmitidas de generaci\u00f3n en generaci\u00f3n. Sabemos la importancia del servicio al cliente y la capacidad de respuesta sin importar el tama\u00f1o de su empresa y entendemos los desaf\u00edos que las peque\u00f1as empresas pueden experimentar al trabajar con grandes empresas p\u00fablicas que pueden no brindarle el tiempo y la atenci\u00f3n necesarios. Nuestra principal prioridad es la satisfacci\u00f3n de nuestros distribuidores LED, contratistas LED y clientes de iluminaci\u00f3n LED comercial. No importa el tama\u00f1o de su empresa, siempre ser\u00e1 una familia para nosotros.<\/p>\n<\/div>\n                    <\/div>\n                <\/div>\n            <\/div>\n        <\/div>\n    <\/div>\n<\/div><!-- item -->\n\n\n\n<!-- desktop -->\n<div class=\"d-none d-sm-none d-md-none d-lg-block\">\n            <div class=\"image-banner block section section-01 parallax-window\" data-parallax=\"scroll\" data-image-src=\"https:\/\/dauermanufacturing.com\/wp-content\/uploads\/2021\/10\/deck-lights-1920x640.jpg\">\n    \n        <div class=\"container\">\n            <div class=\"wrapper right\">\n                <div class=\"info\">\n                    <h2>Experimentados<\/h2>\n                    <div class=\"lead\"><p>Fundada en 2001, Dauer Manufacturing se ha ganado una reputaci\u00f3n de innovaci\u00f3n y calidad, una reputaci\u00f3n respaldada por una garant\u00eda de por vida para nuestras luminarias empotrables de lat\u00f3n para jardines y transformadores de acero inoxidable de calidad profesional, una garant\u00eda de diez a\u00f1os para nuestras luminarias LED integradas, una garant\u00eda de cinco a\u00f1os para l\u00e1mparas empotradas LED y una garant\u00eda de cinco a\u00f1os para luminarias sumergibles LED integradas.<\/p>\n<\/div>\n                <\/div>\n            <\/div>\n        <\/div>\n    <\/div><!-- item -->\n<\/div>\n\n<!-- mobile -->\n<div class=\"editor-hidden d-block d-lg-none\">\n    <div class=\"image-banner block\"> \n        <img decoding=\"async\" src=\"https:\/\/dauermanufacturing.com\/wp-content\/uploads\/2021\/10\/deck-lights-640x400.jpg\" alt=\"\" width=\"100%\">\n        \n        <div class=\"wrapper\">\n            <div class=\"info\">\n                <div class=\"container\">\n                    <h2>Experimentados<\/h2>\n                    <div class=\"lead\"><p>Fundada en 2001, Dauer Manufacturing se ha ganado una reputaci\u00f3n de innovaci\u00f3n y calidad, una reputaci\u00f3n respaldada por una garant\u00eda de por vida para nuestras luminarias empotrables de lat\u00f3n para jardines y transformadores de acero inoxidable de calidad profesional, una garant\u00eda de diez a\u00f1os para nuestras luminarias LED integradas, una garant\u00eda de cinco a\u00f1os para l\u00e1mparas empotradas LED y una garant\u00eda de cinco a\u00f1os para luminarias sumergibles LED integradas.<\/p>\n<\/div>\n                <\/div>\n            <\/div>\n        <\/div>\n        <\/div>\n    <\/div><!-- item -->\n<\/div>\n\n\n\n\n\n\n<div class=\"three-column-highlights block\"> \n    <div class=\"container\">\n        \n        <h2>Calidad Garantizada<\/h2>\n        <div class=\"lead\"><p>Dauer respalda sus productos con las mejores garant\u00edas del sector:<\/p>\n<\/div>\n\n        <div class=\"wrapper\">\n            <div class=\"item\">\n                                    <img decoding=\"async\" class=\"logo\" src=\"https:\/\/dauermanufacturing.com\/wp-content\/uploads\/2021\/10\/lifetime-warranty.png\" alt=\"\" width=\"100%\">\n                                <h3>\n                    <span>Garant\u00eda<\/span><br>\n                    De Por Vida                <\/h3>\n                <h4>Accesorios de lat\u00f3n y cobre para l\u00e1mparas empotradas<\/h4>\n            <\/div>\n\n            <div class=\"item\">\n                                    <img decoding=\"async\" class=\"logo\" src=\"https:\/\/dauermanufacturing.com\/wp-content\/uploads\/2021\/10\/10-year-warranty.png\" alt=\"\" width=\"100%\">\n                                <h3>\n                    <span>10 a\u00f1os<\/span><br>\n                    de Garant\u00eda                <\/h3>\n                <h4>Luces LED integradas<\/h4>\n            <\/div>\n\n            <div class=\"item\">\n                                    <img decoding=\"async\" class=\"logo\" src=\"https:\/\/dauermanufacturing.com\/wp-content\/uploads\/2021\/10\/5-year-warranty.png\" alt=\"\" width=\"100%\">\n                                <h3>\n                    <span>5 a\u00f1os<\/span><br>\n                    de Garant\u00eda                <\/h3>\n                <h4>Sumergibles integrados y l\u00e1mparas LED Dauer para accesorios empotrados<\/h4>\n            <\/div>\n        <\/div>\n    <\/div>\n<\/div><!-- item -->\n\n\n<!-- desktop -->\n<div class=\"d-none d-sm-none d-md-none d-lg-block\">\n            <div class=\"image-banner block section section-01 parallax-window\" data-parallax=\"scroll\" data-image-src=\"https:\/\/dauermanufacturing.com\/wp-content\/uploads\/2021\/09\/statue-liberty-usa-1920x640.jpg\">\n    \n        <div class=\"container\">\n            <div class=\"wrapper \">\n                <div class=\"info\">\n                    <h2>Hecho En Los EE.UU.<\/h2>\n                    <div class=\"lead\"><p>Estamos orgullosos de decir que todos nuestros bolardos de la Colecci\u00f3n Silhouette y la Serie Minimalista, nuestros soportes para muelles, se fabrican con orgullo en los EE. UU. en Las instalaciones de nuestra empresa en las afueras de Nashville, Tennessee. Adem\u00e1s, muchos de nuestros productos Dauer se ensamblan a mano en los EE. UU. Esto permite un estricto control y supervisi\u00f3n de calidad para que tenga la seguridad de que no se utilizan componentes defectuosos en la creaci\u00f3n y desarrollo de sus accesorios de iluminaci\u00f3n para jardines.<\/p>\n<\/div>\n                <\/div>\n            <\/div>\n        <\/div>\n    <\/div><!-- item -->\n<\/div>\n\n<!-- mobile -->\n<div class=\"editor-hidden d-block d-lg-none\">\n    <div class=\"image-banner block\"> \n        <img decoding=\"async\" src=\"https:\/\/dauermanufacturing.com\/wp-content\/uploads\/2021\/09\/statue-liberty-usa-640x400.jpg\" alt=\"\" width=\"100%\">\n        \n        <div class=\"wrapper\">\n            <div class=\"info\">\n                <div class=\"container\">\n                    <h2>Hecho En Los EE.UU.<\/h2>\n                    <div class=\"lead\"><p>Estamos orgullosos de decir que todos nuestros bolardos de la Colecci\u00f3n Silhouette y la Serie Minimalista, nuestros soportes para muelles, se fabrican con orgullo en los EE. UU. en Las instalaciones de nuestra empresa en las afueras de Nashville, Tennessee. Adem\u00e1s, muchos de nuestros productos Dauer se ensamblan a mano en los EE. UU. Esto permite un estricto control y supervisi\u00f3n de calidad para que tenga la seguridad de que no se utilizan componentes defectuosos en la creaci\u00f3n y desarrollo de sus accesorios de iluminaci\u00f3n para jardines.<\/p>\n<\/div>\n                <\/div>\n            <\/div>\n        <\/div>\n        <\/div>\n    <\/div><!-- item -->\n<\/div>\n\n\n\n\n\n\n<div class=\"centered-large-text block\"> \n    <div class=\"container\">\n        <div class=\"row justify-content-center\">\n            <div class=\"col-md-12 col-lg-8\">\n                <div class=\"wrapper\">\n                    <div class=\"info\">\n                        <h2>Territorios Exclusivos Para Distribuidores<\/h2>\n                        <div class=\"lead\"><p>Para que los distribuidores tengan \u00e9xito, sus socios fabricantes deben protegerlos para que la oferta no supere la demanda. En Dauer, brindamos territorios protegidos para distribuidores autorizados porque para nosotros, es calidad comercial sobre cantidad.<\/p>\n<\/div>\n                    <\/div>\n                <\/div>\n            <\/div>\n        <\/div>\n    <\/div>\n<\/div><!-- item -->\n\n\n\n    \n    <div class=\"management-team block\"> \n    <div class=\"container\">\n        <div class=\"row justify-content-center\">\n\n            <h2>Gesti\u00f3n Experimentada<\/h2>\n            \n            <div class=\"col-md-12 col-lg-8\">\n                <div class=\"wrapper presidence\">\n\n                                            <div class=\"item\">\n                            <div class=\"thumb\" style=\"background-image:url('https:\/\/dauermanufacturing.com\/wp-content\/uploads\/2021\/10\/craig-klomparents-v2.jpg);\"><\/div>\n                            <h3>Craig Klomparens<\/h3>\n                            <h4>President<\/h4>\n                        <\/div>\n                                            <div class=\"item\">\n                            <div class=\"thumb\" style=\"background-image:url('https:\/\/dauermanufacturing.com\/wp-content\/uploads\/2021\/10\/kino-obeso-v2.jpg);\"><\/div>\n                            <h3>Kino Obeso<\/h3>\n                            <h4>Vice President<\/h4>\n                        <\/div>\n                                    <\/div>\n            <\/div>\n\n            <div class=\"col-md-12 col-lg-10\">\n                <div class=\"wrapper description\">\n                    <div class=\"lead\">\n                        <p><strong>Craig Klomparens \u2013 Presidente <\/strong><br \/>\nImpulsado por la visi\u00f3n de aportar m\u00e1s creatividad y variedad al mercado de iluminaci\u00f3n mayorista y minorista, Craig fund\u00f3 Dauer en 2001. Desde entonces, ha llevado a la empresa a convertirse en un actor dominante en la categor\u00eda de iluminaci\u00f3n LED con dise\u00f1os inteligentes, art\u00edsticos y duraderos. que reflejan los gustos de los consumidores actuales. Antes de fundar Dauer, Craig supervis\u00f3 las ventas globales de una gran empresa internacional de iluminaci\u00f3n especializada, lo que le permiti\u00f3 conocer de primera mano los segmentos no cubiertos del mercado. Aprovechando sus s\u00f3lidas relaciones con ingenieros y desarrolladores de la industria, cre\u00f3 Dauer como una soluci\u00f3n para esas necesidades no satisfechas.<\/p>\n<p><strong>Joaquin \u201cKino\u201d Obeso \u2013 Vicepresidente<\/strong><br \/>\nVicepresidente Kino Obeso, es un veterano de la industria de la iluminaci\u00f3n con amplia experiencia en dise\u00f1o de iluminaci\u00f3n arquitect\u00f3nica y art\u00edstica en los mercados minorista, hotelero y de consumo. Su buen ojo para las tendencias y la innovaci\u00f3n ha sido la fuerza impulsora detr\u00e1s de las numerosas y cautivadoras ofertas de iluminaci\u00f3n interior y exterior de Dauer. <\/p>\n                    <\/div>\n\n                <\/div>\n            <\/div>\n\n            <div class=\"col-md-12 col-lg-12\">\n                <div class=\"wrapper management\">\n\n                    \n                <\/div>\n            <\/div>\n\n        <\/div>\n    <\/div>\n<\/div>","protected":false},"excerpt":{"rendered":"Dauer Manufacturing es un fabricante de iluminaci\u00f3n LED al por mayor, que ofrece al comercio sistemas y productos de iluminaci\u00f3n LED. Los innovadores dise\u00f1os de Dauer son apreciados por su elegancia, su belleza y su extraordinaria eficacia lum\u00ednica.","protected":false},"author":1,"featured_media":11312,"parent":0,"menu_order":0,"comment_status":"closed","ping_status":"closed","template":"template-blank.php","meta":{"nf_dc_page":"","footnotes":""},"class_list":["post-15387","page","type-page","status-publish","has-post-thumbnail","hentry","entry"],"yoast_head":"<!-- This site is optimized with the Yoast SEO plugin v27.2 - https:\/\/yoast.com\/product\/yoast-seo-wordpress\/ -->\n<title>Acerca de Dauer Manufacturing | Fabricante de iluminaci\u00f3n LED |<\/title>\n<meta name=\"description\" content=\"Fundada en 2001, Dauer Manufacturing se ha ganado la reputaci\u00f3n de ofrecer soluciones de iluminaci\u00f3n LED innovadoras y duraderas, una reputaci\u00f3n que est\u00e1 respaldada por una garant\u00eda de por vida.\" \/>\n<meta name=\"robots\" content=\"index, follow, max-snippet:-1, max-image-preview:large, max-video-preview:-1\" \/>\n<link rel=\"canonical\" href=\"https:\/\/dauermanufacturing.com\/es\/acerca\" \/>\n<meta property=\"og:locale\" content=\"es_ES\" \/>\n<meta property=\"og:type\" content=\"article\" \/>\n<meta property=\"og:title\" content=\"Acerca de Dauer Manufacturing | Fabricante de iluminaci\u00f3n LED |\" \/>\n<meta property=\"og:description\" content=\"Fundada en 2001, Dauer Manufacturing se ha ganado la reputaci\u00f3n de ofrecer soluciones de iluminaci\u00f3n LED innovadoras y duraderas, una reputaci\u00f3n que est\u00e1 respaldada por una garant\u00eda de por vida.\" \/>\n<meta property=\"og:url\" content=\"https:\/\/dauermanufacturing.com\/es\/acerca\" \/>\n<meta property=\"og:site_name\" content=\"Dauer Manufacturing\" \/>\n<meta property=\"article:publisher\" content=\"https:\/\/www.facebook.com\/dauermanufacturing\/\" \/>\n<meta property=\"article:modified_time\" content=\"2025-11-03T19:48:02+00:00\" \/>\n<meta property=\"og:image\" content=\"https:\/\/dauermanufacturing.com\/wp-content\/uploads\/2021\/09\/outdoor-low-voltage-lighting-v2.jpg\" \/>\n\t<meta property=\"og:image:width\" content=\"1920\" \/>\n\t<meta property=\"og:image:height\" content=\"1183\" \/>\n\t<meta property=\"og:image:type\" content=\"image\/jpeg\" \/>\n<meta name=\"twitter:card\" content=\"summary_large_image\" \/>\n<meta name=\"twitter:label1\" content=\"Tiempo de lectura\" \/>\n\t<meta name=\"twitter:data1\" content=\"1 minuto\" \/>\n<script type=\"application\/ld+json\" class=\"yoast-schema-graph\">{\"@context\":\"https:\/\/schema.org\",\"@graph\":[{\"@type\":\"WebPage\",\"@id\":\"https:\/\/dauermanufacturing.com\/es\/acerca\",\"url\":\"https:\/\/dauermanufacturing.com\/es\/acerca\",\"name\":\"Acerca de Dauer Manufacturing | Fabricante de iluminaci\u00f3n LED |\",\"isPartOf\":{\"@id\":\"https:\/\/dauermanufacturing.com\/es#website\"},\"primaryImageOfPage\":{\"@id\":\"https:\/\/dauermanufacturing.com\/es\/acerca#primaryimage\"},\"image\":{\"@id\":\"https:\/\/dauermanufacturing.com\/es\/acerca#primaryimage\"},\"thumbnailUrl\":\"https:\/\/dauermanufacturing.com\/wp-content\/uploads\/2021\/09\/outdoor-low-voltage-lighting-v2.jpg\",\"datePublished\":\"2021-08-11T19:17:05+00:00\",\"dateModified\":\"2025-11-03T19:48:02+00:00\",\"description\":\"Fundada en 2001, Dauer Manufacturing se ha ganado la reputaci\u00f3n de ofrecer soluciones de iluminaci\u00f3n LED innovadoras y duraderas, una reputaci\u00f3n que est\u00e1 respaldada por una garant\u00eda de por vida.\",\"breadcrumb\":{\"@id\":\"https:\/\/dauermanufacturing.com\/es\/acerca#breadcrumb\"},\"inLanguage\":\"es\",\"potentialAction\":[{\"@type\":\"ReadAction\",\"target\":[\"https:\/\/dauermanufacturing.com\/es\/acerca\"]}]},{\"@type\":\"ImageObject\",\"inLanguage\":\"es\",\"@id\":\"https:\/\/dauermanufacturing.com\/es\/acerca#primaryimage\",\"url\":\"https:\/\/dauermanufacturing.com\/wp-content\/uploads\/2021\/09\/outdoor-low-voltage-lighting-v2.jpg\",\"contentUrl\":\"https:\/\/dauermanufacturing.com\/wp-content\/uploads\/2021\/09\/outdoor-low-voltage-lighting-v2.jpg\",\"width\":1920,\"height\":1183},{\"@type\":\"BreadcrumbList\",\"@id\":\"https:\/\/dauermanufacturing.com\/es\/acerca#breadcrumb\",\"itemListElement\":[{\"@type\":\"ListItem\",\"position\":1,\"name\":\"Home\",\"item\":\"https:\/\/dauermanufacturing.com\/es\"},{\"@type\":\"ListItem\",\"position\":2,\"name\":\"Acerca\"}]},{\"@type\":\"WebSite\",\"@id\":\"https:\/\/dauermanufacturing.com\/es#website\",\"url\":\"https:\/\/dauermanufacturing.com\/es\",\"name\":\"Dauer Manufacturing\",\"description\":\"LED lamps, fixtures and transformers for the landscape lighting industry\",\"publisher\":{\"@id\":\"https:\/\/dauermanufacturing.com\/es#organization\"},\"potentialAction\":[{\"@type\":\"SearchAction\",\"target\":{\"@type\":\"EntryPoint\",\"urlTemplate\":\"https:\/\/dauermanufacturing.com\/es?s={search_term_string}\"},\"query-input\":{\"@type\":\"PropertyValueSpecification\",\"valueRequired\":true,\"valueName\":\"search_term_string\"}}],\"inLanguage\":\"es\"},{\"@type\":\"Organization\",\"@id\":\"https:\/\/dauermanufacturing.com\/es#organization\",\"name\":\"Dauer Manufacturing\",\"url\":\"https:\/\/dauermanufacturing.com\/es\",\"logo\":{\"@type\":\"ImageObject\",\"inLanguage\":\"es\",\"@id\":\"https:\/\/dauermanufacturing.com\/es#\/schema\/logo\/image\/\",\"url\":\"https:\/\/dauermanufacturing.com\/wp-content\/uploads\/2022\/07\/Dauer-Logo.jpg\",\"contentUrl\":\"https:\/\/dauermanufacturing.com\/wp-content\/uploads\/2022\/07\/Dauer-Logo.jpg\",\"width\":861,\"height\":300,\"caption\":\"Dauer Manufacturing\"},\"image\":{\"@id\":\"https:\/\/dauermanufacturing.com\/es#\/schema\/logo\/image\/\"},\"sameAs\":[\"https:\/\/www.facebook.com\/dauermanufacturing\/\",\"https:\/\/www.instagram.com\/dauermfg\/\",\"https:\/\/www.youtube.com\/channel\/UC_Fvs7gM1MbDcPAMuuluJZQ\"]}]}<\/script>\n<!-- \/ Yoast SEO plugin. -->","yoast_head_json":{"title":"Acerca de Dauer Manufacturing | Fabricante de iluminaci\u00f3n LED |","description":"Fundada en 2001, Dauer Manufacturing se ha ganado la reputaci\u00f3n de ofrecer soluciones de iluminaci\u00f3n LED innovadoras y duraderas, una reputaci\u00f3n que est\u00e1 respaldada por una garant\u00eda de por vida.","robots":{"index":"index","follow":"follow","max-snippet":"max-snippet:-1","max-image-preview":"max-image-preview:large","max-video-preview":"max-video-preview:-1"},"canonical":"https:\/\/dauermanufacturing.com\/es\/acerca","og_locale":"es_ES","og_type":"article","og_title":"Acerca de Dauer Manufacturing | Fabricante de iluminaci\u00f3n LED |","og_description":"Fundada en 2001, Dauer Manufacturing se ha ganado la reputaci\u00f3n de ofrecer soluciones de iluminaci\u00f3n LED innovadoras y duraderas, una reputaci\u00f3n que est\u00e1 respaldada por una garant\u00eda de por vida.","og_url":"https:\/\/dauermanufacturing.com\/es\/acerca","og_site_name":"Dauer Manufacturing","article_publisher":"https:\/\/www.facebook.com\/dauermanufacturing\/","article_modified_time":"2025-11-03T19:48:02+00:00","og_image":[{"width":1920,"height":1183,"url":"https:\/\/dauermanufacturing.com\/wp-content\/uploads\/2021\/09\/outdoor-low-voltage-lighting-v2.jpg","type":"image\/jpeg"}],"twitter_card":"summary_large_image","twitter_misc":{"Tiempo de lectura":"1 minuto"},"schema":{"@context":"https:\/\/schema.org","@graph":[{"@type":"WebPage","@id":"https:\/\/dauermanufacturing.com\/es\/acerca","url":"https:\/\/dauermanufacturing.com\/es\/acerca","name":"Acerca de Dauer Manufacturing | Fabricante de iluminaci\u00f3n LED |","isPartOf":{"@id":"https:\/\/dauermanufacturing.com\/es#website"},"primaryImageOfPage":{"@id":"https:\/\/dauermanufacturing.com\/es\/acerca#primaryimage"},"image":{"@id":"https:\/\/dauermanufacturing.com\/es\/acerca#primaryimage"},"thumbnailUrl":"https:\/\/dauermanufacturing.com\/wp-content\/uploads\/2021\/09\/outdoor-low-voltage-lighting-v2.jpg","datePublished":"2021-08-11T19:17:05+00:00","dateModified":"2025-11-03T19:48:02+00:00","description":"Fundada en 2001, Dauer Manufacturing se ha ganado la reputaci\u00f3n de ofrecer soluciones de iluminaci\u00f3n LED innovadoras y duraderas, una reputaci\u00f3n que est\u00e1 respaldada por una garant\u00eda de por vida.","breadcrumb":{"@id":"https:\/\/dauermanufacturing.com\/es\/acerca#breadcrumb"},"inLanguage":"es","potentialAction":[{"@type":"ReadAction","target":["https:\/\/dauermanufacturing.com\/es\/acerca"]}]},{"@type":"ImageObject","inLanguage":"es","@id":"https:\/\/dauermanufacturing.com\/es\/acerca#primaryimage","url":"https:\/\/dauermanufacturing.com\/wp-content\/uploads\/2021\/09\/outdoor-low-voltage-lighting-v2.jpg","contentUrl":"https:\/\/dauermanufacturing.com\/wp-content\/uploads\/2021\/09\/outdoor-low-voltage-lighting-v2.jpg","width":1920,"height":1183},{"@type":"BreadcrumbList","@id":"https:\/\/dauermanufacturing.com\/es\/acerca#breadcrumb","itemListElement":[{"@type":"ListItem","position":1,"name":"Home","item":"https:\/\/dauermanufacturing.com\/es"},{"@type":"ListItem","position":2,"name":"Acerca"}]},{"@type":"WebSite","@id":"https:\/\/dauermanufacturing.com\/es#website","url":"https:\/\/dauermanufacturing.com\/es","name":"Dauer Manufacturing","description":"LED lamps, fixtures and transformers for the landscape lighting industry","publisher":{"@id":"https:\/\/dauermanufacturing.com\/es#organization"},"potentialAction":[{"@type":"SearchAction","target":{"@type":"EntryPoint","urlTemplate":"https:\/\/dauermanufacturing.com\/es?s={search_term_string}"},"query-input":{"@type":"PropertyValueSpecification","valueRequired":true,"valueName":"search_term_string"}}],"inLanguage":"es"},{"@type":"Organization","@id":"https:\/\/dauermanufacturing.com\/es#organization","name":"Dauer Manufacturing","url":"https:\/\/dauermanufacturing.com\/es","logo":{"@type":"ImageObject","inLanguage":"es","@id":"https:\/\/dauermanufacturing.com\/es#\/schema\/logo\/image\/","url":"https:\/\/dauermanufacturing.com\/wp-content\/uploads\/2022\/07\/Dauer-Logo.jpg","contentUrl":"https:\/\/dauermanufacturing.com\/wp-content\/uploads\/2022\/07\/Dauer-Logo.jpg","width":861,"height":300,"caption":"Dauer Manufacturing"},"image":{"@id":"https:\/\/dauermanufacturing.com\/es#\/schema\/logo\/image\/"},"sameAs":["https:\/\/www.facebook.com\/dauermanufacturing\/","https:\/\/www.instagram.com\/dauermfg\/","https:\/\/www.youtube.com\/channel\/UC_Fvs7gM1MbDcPAMuuluJZQ"]}]}},"meta_box":{"category_cards":[{"_state":"collapsed"}],"wpgmdev_hero_carousel_items":[{"wpgmdev_hero_carousel_items_interval":"5000","wpgmdev_hero_carousel_items_title":"<h2>The Title goes here <span>Bold content<\/span><\/h2>","wpgmdev_hero_carousel_items_button_label":"Read More","_state":"expanded"}]},"_links":{"self":[{"href":"https:\/\/dauermanufacturing.com\/es\/wp-json\/wp\/v2\/pages\/15387","targetHints":{"allow":["GET"]}}],"collection":[{"href":"https:\/\/dauermanufacturing.com\/es\/wp-json\/wp\/v2\/pages"}],"about":[{"href":"https:\/\/dauermanufacturing.com\/es\/wp-json\/wp\/v2\/types\/page"}],"author":[{"embeddable":true,"href":"https:\/\/dauermanufacturing.com\/es\/wp-json\/wp\/v2\/users\/1"}],"replies":[{"embeddable":true,"href":"https:\/\/dauermanufacturing.com\/es\/wp-json\/wp\/v2\/comments?post=15387"}],"version-history":[{"count":0,"href":"https:\/\/dauermanufacturing.com\/es\/wp-json\/wp\/v2\/pages\/15387\/revisions"}],"wp:featuredmedia":[{"embeddable":true,"href":"https:\/\/dauermanufacturing.com\/es\/wp-json\/wp\/v2\/media\/11312"}],"wp:attachment":[{"href":"https:\/\/dauermanufacturing.com\/es\/wp-json\/wp\/v2\/media?parent=15387"}],"curies":[{"name":"wp","href":"https:\/\/api.w.org\/{rel}","templated":true}]}}