{"id":15432,"date":"2021-09-30T20:17:01","date_gmt":"2021-10-01T00:17:01","guid":{"rendered":"https:\/\/dauermanufacturing.com\/?page_id=15432"},"modified":"2024-05-22T11:57:26","modified_gmt":"2024-05-22T15:57:26","slug":"crea-un-paisaje","status":"publish","type":"page","link":"https:\/\/dauermanufacturing.com\/es\/crea-un-paisaje","title":{"rendered":"Crea Un Paisaje"},"content":{"rendered":"\n<!-- desktop -->\n<div class=\"d-none d-sm-none d-md-none d-lg-block\">\n            <div class=\"image-banner block section section-01 parallax-window\" data-parallax=\"scroll\" data-image-src=\"https:\/\/dauermanufacturing.com\/wp-content\/uploads\/2021\/10\/background-create-a-scape-1920x640.jpg\">\n    \n        <div class=\"container\">\n            <div class=\"wrapper right\">\n                <div class=\"info\">\n                    <h2>Crea Un Paisaje<\/h2>\n                    <div class=\"lead\"><p>Utiliza accesorios Dauer para crear la cobertura de iluminaci\u00f3n perfecta para los entornos m\u00e1s desafiantes.<\/p>\n<\/div>\n                <\/div>\n            <\/div>\n        <\/div>\n    <\/div><!-- item -->\n<\/div>\n\n<!-- mobile -->\n<div class=\"editor-hidden d-block d-lg-none\">\n    <div class=\"image-banner block\"> \n        <img decoding=\"async\" src=\"https:\/\/dauermanufacturing.com\/wp-content\/uploads\/2021\/10\/background-create-a-scape-640x400.jpg\" alt=\"\" width=\"100%\">\n        \n        <div class=\"wrapper\">\n            <div class=\"info\">\n                <div class=\"container\">\n                    <h2>Crea Un Paisaje<\/h2>\n                    <div class=\"lead\"><p>Utiliza accesorios Dauer para crear la cobertura de iluminaci\u00f3n perfecta para los entornos m\u00e1s desafiantes.<\/p>\n<\/div>\n                <\/div>\n            <\/div>\n        <\/div>\n        <\/div>\n    <\/div><!-- item -->\n<\/div>\n\n\n\n\n\n<div class=\"featurette \">\n    <div class=\"container\">\n        <div class=\"row\">\n            <div class=\"col-md-12\">\n                <div class=\"wrapper right\">\n                    <img decoding=\"async\" class=\"thumb\" src=\"https:\/\/dauermanufacturing.com\/wp-content\/uploads\/2022\/02\/create-a-scape-montage-backg1-640x640.png\" alt=\"\"> \n                    <div class=\"info\">\n                        <h2>F\u00e1cil De Conectar<\/h2>\n                        <div class=\"lead\"><p>Dise\u00f1a tus propios accesorios \u00fanicos mezclando y combinando cabezales, opciones de montaje, elevadores, v\u00e1stagos y conectores.<\/p>\n<\/div>\n                                            <\/div>\n                <\/div><!-- inner -->\n            <\/div><!-- col -->\n        <\/div><!-- row -->\n    <\/div><!-- container -->\n<\/div><!-- reward-program-cta -->","protected":false},"excerpt":{"rendered":"Utiliza accesorios Dauer para crear la cobertura de iluminaci\u00f3n perfecta para los entornos m\u00e1s desafiantes.","protected":false},"author":8,"featured_media":11696,"parent":0,"menu_order":0,"comment_status":"closed","ping_status":"closed","template":"template-blank.php","meta":{"nf_dc_page":"","footnotes":""},"class_list":["post-15432","page","type-page","status-publish","has-post-thumbnail","hentry","entry"],"yoast_head":"<!-- This site is optimized with the Yoast SEO plugin v27.2 - https:\/\/yoast.com\/product\/yoast-seo-wordpress\/ -->\n<title>Crea Un Paisaje | Dauer Manufacturing<\/title>\n<meta name=\"description\" content=\"Utiliza accesorios Dauer para crear la cobertura de iluminaci\u00f3n perfecta para los entornos m\u00e1s desafiantes.\" \/>\n<meta name=\"robots\" content=\"index, follow, max-snippet:-1, max-image-preview:large, max-video-preview:-1\" \/>\n<link rel=\"canonical\" href=\"https:\/\/dauermanufacturing.com\/es\/crea-un-paisaje\" \/>\n<meta property=\"og:locale\" content=\"es_ES\" \/>\n<meta property=\"og:type\" content=\"article\" \/>\n<meta property=\"og:title\" content=\"Crea Un Paisaje | Dauer Manufacturing\" \/>\n<meta property=\"og:description\" content=\"Utiliza accesorios Dauer para crear la cobertura de iluminaci\u00f3n perfecta para los entornos m\u00e1s desafiantes.\" \/>\n<meta property=\"og:url\" content=\"https:\/\/dauermanufacturing.com\/es\/crea-un-paisaje\" \/>\n<meta property=\"og:site_name\" content=\"Dauer Manufacturing\" \/>\n<meta property=\"article:publisher\" content=\"https:\/\/www.facebook.com\/dauermanufacturing\/\" \/>\n<meta property=\"article:modified_time\" content=\"2024-05-22T15:57:26+00:00\" \/>\n<meta property=\"og:image\" content=\"https:\/\/dauermanufacturing.com\/wp-content\/uploads\/2021\/10\/tree-with-lamp-lighting.jpg\" \/>\n\t<meta property=\"og:image:width\" content=\"1920\" \/>\n\t<meta property=\"og:image:height\" content=\"1281\" \/>\n\t<meta property=\"og:image:type\" content=\"image\/jpeg\" \/>\n<meta name=\"twitter:card\" content=\"summary_large_image\" \/>\n<meta name=\"twitter:label1\" content=\"Tiempo de lectura\" \/>\n\t<meta name=\"twitter:data1\" content=\"1 minuto\" \/>\n<script type=\"application\/ld+json\" class=\"yoast-schema-graph\">{\"@context\":\"https:\/\/schema.org\",\"@graph\":[{\"@type\":\"WebPage\",\"@id\":\"https:\/\/dauermanufacturing.com\/es\/crea-un-paisaje\",\"url\":\"https:\/\/dauermanufacturing.com\/es\/crea-un-paisaje\",\"name\":\"Crea Un Paisaje | Dauer Manufacturing\",\"isPartOf\":{\"@id\":\"https:\/\/dauermanufacturing.com\/es#website\"},\"primaryImageOfPage\":{\"@id\":\"https:\/\/dauermanufacturing.com\/es\/crea-un-paisaje#primaryimage\"},\"image\":{\"@id\":\"https:\/\/dauermanufacturing.com\/es\/crea-un-paisaje#primaryimage\"},\"thumbnailUrl\":\"https:\/\/dauermanufacturing.com\/wp-content\/uploads\/2021\/10\/tree-with-lamp-lighting.jpg\",\"datePublished\":\"2021-10-01T00:17:01+00:00\",\"dateModified\":\"2024-05-22T15:57:26+00:00\",\"description\":\"Utiliza accesorios Dauer para crear la cobertura de iluminaci\u00f3n perfecta para los entornos m\u00e1s desafiantes.\",\"breadcrumb\":{\"@id\":\"https:\/\/dauermanufacturing.com\/es\/crea-un-paisaje#breadcrumb\"},\"inLanguage\":\"es\",\"potentialAction\":[{\"@type\":\"ReadAction\",\"target\":[\"https:\/\/dauermanufacturing.com\/es\/crea-un-paisaje\"]}]},{\"@type\":\"ImageObject\",\"inLanguage\":\"es\",\"@id\":\"https:\/\/dauermanufacturing.com\/es\/crea-un-paisaje#primaryimage\",\"url\":\"https:\/\/dauermanufacturing.com\/wp-content\/uploads\/2021\/10\/tree-with-lamp-lighting.jpg\",\"contentUrl\":\"https:\/\/dauermanufacturing.com\/wp-content\/uploads\/2021\/10\/tree-with-lamp-lighting.jpg\",\"width\":1920,\"height\":1281},{\"@type\":\"BreadcrumbList\",\"@id\":\"https:\/\/dauermanufacturing.com\/es\/crea-un-paisaje#breadcrumb\",\"itemListElement\":[{\"@type\":\"ListItem\",\"position\":1,\"name\":\"Home\",\"item\":\"https:\/\/dauermanufacturing.com\/es\"},{\"@type\":\"ListItem\",\"position\":2,\"name\":\"Crea Un Paisaje\"}]},{\"@type\":\"WebSite\",\"@id\":\"https:\/\/dauermanufacturing.com\/es#website\",\"url\":\"https:\/\/dauermanufacturing.com\/es\",\"name\":\"Dauer Manufacturing\",\"description\":\"LED lamps, fixtures and transformers for the landscape lighting industry\",\"publisher\":{\"@id\":\"https:\/\/dauermanufacturing.com\/es#organization\"},\"potentialAction\":[{\"@type\":\"SearchAction\",\"target\":{\"@type\":\"EntryPoint\",\"urlTemplate\":\"https:\/\/dauermanufacturing.com\/es?s={search_term_string}\"},\"query-input\":{\"@type\":\"PropertyValueSpecification\",\"valueRequired\":true,\"valueName\":\"search_term_string\"}}],\"inLanguage\":\"es\"},{\"@type\":\"Organization\",\"@id\":\"https:\/\/dauermanufacturing.com\/es#organization\",\"name\":\"Dauer Manufacturing\",\"url\":\"https:\/\/dauermanufacturing.com\/es\",\"logo\":{\"@type\":\"ImageObject\",\"inLanguage\":\"es\",\"@id\":\"https:\/\/dauermanufacturing.com\/es#\/schema\/logo\/image\/\",\"url\":\"https:\/\/dauermanufacturing.com\/wp-content\/uploads\/2022\/07\/Dauer-Logo.jpg\",\"contentUrl\":\"https:\/\/dauermanufacturing.com\/wp-content\/uploads\/2022\/07\/Dauer-Logo.jpg\",\"width\":861,\"height\":300,\"caption\":\"Dauer Manufacturing\"},\"image\":{\"@id\":\"https:\/\/dauermanufacturing.com\/es#\/schema\/logo\/image\/\"},\"sameAs\":[\"https:\/\/www.facebook.com\/dauermanufacturing\/\",\"https:\/\/www.instagram.com\/dauermfg\/\",\"https:\/\/www.youtube.com\/channel\/UC_Fvs7gM1MbDcPAMuuluJZQ\"]}]}<\/script>\n<!-- \/ Yoast SEO plugin. -->","yoast_head_json":{"title":"Crea Un Paisaje | Dauer Manufacturing","description":"Utiliza accesorios Dauer para crear la cobertura de iluminaci\u00f3n perfecta para los entornos m\u00e1s desafiantes.","robots":{"index":"index","follow":"follow","max-snippet":"max-snippet:-1","max-image-preview":"max-image-preview:large","max-video-preview":"max-video-preview:-1"},"canonical":"https:\/\/dauermanufacturing.com\/es\/crea-un-paisaje","og_locale":"es_ES","og_type":"article","og_title":"Crea Un Paisaje | Dauer Manufacturing","og_description":"Utiliza accesorios Dauer para crear la cobertura de iluminaci\u00f3n perfecta para los entornos m\u00e1s desafiantes.","og_url":"https:\/\/dauermanufacturing.com\/es\/crea-un-paisaje","og_site_name":"Dauer Manufacturing","article_publisher":"https:\/\/www.facebook.com\/dauermanufacturing\/","article_modified_time":"2024-05-22T15:57:26+00:00","og_image":[{"width":1920,"height":1281,"url":"https:\/\/dauermanufacturing.com\/wp-content\/uploads\/2021\/10\/tree-with-lamp-lighting.jpg","type":"image\/jpeg"}],"twitter_card":"summary_large_image","twitter_misc":{"Tiempo de lectura":"1 minuto"},"schema":{"@context":"https:\/\/schema.org","@graph":[{"@type":"WebPage","@id":"https:\/\/dauermanufacturing.com\/es\/crea-un-paisaje","url":"https:\/\/dauermanufacturing.com\/es\/crea-un-paisaje","name":"Crea Un Paisaje | Dauer Manufacturing","isPartOf":{"@id":"https:\/\/dauermanufacturing.com\/es#website"},"primaryImageOfPage":{"@id":"https:\/\/dauermanufacturing.com\/es\/crea-un-paisaje#primaryimage"},"image":{"@id":"https:\/\/dauermanufacturing.com\/es\/crea-un-paisaje#primaryimage"},"thumbnailUrl":"https:\/\/dauermanufacturing.com\/wp-content\/uploads\/2021\/10\/tree-with-lamp-lighting.jpg","datePublished":"2021-10-01T00:17:01+00:00","dateModified":"2024-05-22T15:57:26+00:00","description":"Utiliza accesorios Dauer para crear la cobertura de iluminaci\u00f3n perfecta para los entornos m\u00e1s desafiantes.","breadcrumb":{"@id":"https:\/\/dauermanufacturing.com\/es\/crea-un-paisaje#breadcrumb"},"inLanguage":"es","potentialAction":[{"@type":"ReadAction","target":["https:\/\/dauermanufacturing.com\/es\/crea-un-paisaje"]}]},{"@type":"ImageObject","inLanguage":"es","@id":"https:\/\/dauermanufacturing.com\/es\/crea-un-paisaje#primaryimage","url":"https:\/\/dauermanufacturing.com\/wp-content\/uploads\/2021\/10\/tree-with-lamp-lighting.jpg","contentUrl":"https:\/\/dauermanufacturing.com\/wp-content\/uploads\/2021\/10\/tree-with-lamp-lighting.jpg","width":1920,"height":1281},{"@type":"BreadcrumbList","@id":"https:\/\/dauermanufacturing.com\/es\/crea-un-paisaje#breadcrumb","itemListElement":[{"@type":"ListItem","position":1,"name":"Home","item":"https:\/\/dauermanufacturing.com\/es"},{"@type":"ListItem","position":2,"name":"Crea Un Paisaje"}]},{"@type":"WebSite","@id":"https:\/\/dauermanufacturing.com\/es#website","url":"https:\/\/dauermanufacturing.com\/es","name":"Dauer Manufacturing","description":"LED lamps, fixtures and transformers for the landscape lighting industry","publisher":{"@id":"https:\/\/dauermanufacturing.com\/es#organization"},"potentialAction":[{"@type":"SearchAction","target":{"@type":"EntryPoint","urlTemplate":"https:\/\/dauermanufacturing.com\/es?s={search_term_string}"},"query-input":{"@type":"PropertyValueSpecification","valueRequired":true,"valueName":"search_term_string"}}],"inLanguage":"es"},{"@type":"Organization","@id":"https:\/\/dauermanufacturing.com\/es#organization","name":"Dauer Manufacturing","url":"https:\/\/dauermanufacturing.com\/es","logo":{"@type":"ImageObject","inLanguage":"es","@id":"https:\/\/dauermanufacturing.com\/es#\/schema\/logo\/image\/","url":"https:\/\/dauermanufacturing.com\/wp-content\/uploads\/2022\/07\/Dauer-Logo.jpg","contentUrl":"https:\/\/dauermanufacturing.com\/wp-content\/uploads\/2022\/07\/Dauer-Logo.jpg","width":861,"height":300,"caption":"Dauer Manufacturing"},"image":{"@id":"https:\/\/dauermanufacturing.com\/es#\/schema\/logo\/image\/"},"sameAs":["https:\/\/www.facebook.com\/dauermanufacturing\/","https:\/\/www.instagram.com\/dauermfg\/","https:\/\/www.youtube.com\/channel\/UC_Fvs7gM1MbDcPAMuuluJZQ"]}]}},"meta_box":{"category_cards":[{"_state":"collapsed"}],"wpgmdev_hero_carousel_items":[{"wpgmdev_hero_carousel_items_interval":"5000","wpgmdev_hero_carousel_items_title":"<h2>The Title goes here <span>Bold content<\/span><\/h2>","wpgmdev_hero_carousel_items_button_label":"Read More","_state":"expanded"}]},"_links":{"self":[{"href":"https:\/\/dauermanufacturing.com\/es\/wp-json\/wp\/v2\/pages\/15432","targetHints":{"allow":["GET"]}}],"collection":[{"href":"https:\/\/dauermanufacturing.com\/es\/wp-json\/wp\/v2\/pages"}],"about":[{"href":"https:\/\/dauermanufacturing.com\/es\/wp-json\/wp\/v2\/types\/page"}],"author":[{"embeddable":true,"href":"https:\/\/dauermanufacturing.com\/es\/wp-json\/wp\/v2\/users\/8"}],"replies":[{"embeddable":true,"href":"https:\/\/dauermanufacturing.com\/es\/wp-json\/wp\/v2\/comments?post=15432"}],"version-history":[{"count":0,"href":"https:\/\/dauermanufacturing.com\/es\/wp-json\/wp\/v2\/pages\/15432\/revisions"}],"wp:featuredmedia":[{"embeddable":true,"href":"https:\/\/dauermanufacturing.com\/es\/wp-json\/wp\/v2\/media\/11696"}],"wp:attachment":[{"href":"https:\/\/dauermanufacturing.com\/es\/wp-json\/wp\/v2\/media?parent=15432"}],"curies":[{"name":"wp","href":"https:\/\/api.w.org\/{rel}","templated":true}]}}