{"id":15435,"date":"2021-10-12T01:18:33","date_gmt":"2021-10-12T05:18:33","guid":{"rendered":"https:\/\/dauermanufacturing.com\/custom-powder-coating-2"},"modified":"2024-05-22T12:24:54","modified_gmt":"2024-05-22T16:24:54","slug":"colores-arquitectonicos","status":"publish","type":"page","link":"https:\/\/dauermanufacturing.com\/es\/colores-arquitectonicos","title":{"rendered":"Colores Arquitect\u00f3nicos"},"content":{"rendered":"\n<div class=\"page-hero block\"> \n\n    \n        <div class=\"wrapper\">\n                            <div class=\"image\">\n                    <img decoding=\"async\" class=\"d-none d-sm-none d-md-none d-lg-block\" src=\"https:\/\/dauermanufacturing.com\/wp-content\/uploads\/2021\/10\/background-custom-powder-coating-1920x640.jpg\" alt=\"\" width=\"100%\"><!-- desktop -->\n                    <img decoding=\"async\" class=\"d-block d-lg-none\" src=\"https:\/\/dauermanufacturing.com\/wp-content\/uploads\/2021\/10\/background-custom-powder-coating-640x400.jpg\" alt=\"\" width=\"100%\"><!-- mobile -->\n                <\/div>\n                    <\/div><!-- wrapper -->\n\n    \n    \n     \n        <h1 class=\"header\">Colores Arquitect\u00f3nicos <\/h1>\n        \n     \n        <div class=\"lead\"><p>Muchos de los accesorios que se muestran en nuestro sitio web pueden tener un recubrimiento en polvo en colores de dise\u00f1ador. Los colores arquitect\u00f3nicos est\u00e1ndar son el blanco, el negro y el plateado y vienen en un acabado de textura fina.<\/p>\n<\/div>\n    \n<\/div><!-- item -->\n\n\n\n\n    <div class=\"container\">\n\t\t<div class=\"row justify-content-center\">\n\t\t\t<div class=\"col-md-12\">\n\t\t\t\t<div class=\"page-content\">\n\t\t\t\t\t<div class=\"wrapper\">\n                        \n\n<div class=\"gallery \">\n    \n    \n        \n        <div class=\"wrapper col-3 p-30 cards-have-background\">\n            \n\n<div class=\"card\"> \n    \n    <div class=\"d-none d-sm-none d-md-none d-lg-block\"><!-- desktop -->\n        <a class=\"thumb \" \n                        href=\"https:\/\/dauermanufacturing.com\/products\/path-lights\/mandarin-12-inch-hat\" \n            data-image-detail=\"https:\/\/dauermanufacturing.com\/wp-content\/uploads\/2021\/10\/mandarin-architectural.png\">\n                <img decoding=\"async\" src=\"https:\/\/dauermanufacturing.com\/wp-content\/uploads\/2021\/10\/mandarin-architectural.png\" alt=\"Gallery Image\">\n        <\/a>\n\n                    <h3>Mandarin Path Lights<\/h3>\n            <\/div>\n    \n    <div class=\"d-block d-lg-none\"><!-- mobile - show only square thumbnail in mobile -->\n        <a class=\"thumb \" \n                        href=\"https:\/\/dauermanufacturing.com\/products\/path-lights\/mandarin-12-inch-hat\" \n            data-image-detail=\"https:\/\/dauermanufacturing.com\/wp-content\/uploads\/2021\/10\/mandarin-architectural.png\">\n                <img decoding=\"async\" src=\"https:\/\/dauermanufacturing.com\/wp-content\/uploads\/2021\/10\/mandarin-architectural.png\" alt=\"Gallery Image\">\n        <\/a>\n                    <h3>Mandarin Path Lights<\/h3>\n            <\/div>\n\n<\/div><!-- card -->\n\n\n<div class=\"card\"> \n    \n    <div class=\"d-none d-sm-none d-md-none d-lg-block\"><!-- desktop -->\n        <a class=\"thumb \" \n                        href=\"https:\/\/dauermanufacturing.com\/products\/path-lights\/aria-ii-21-inches\" \n            data-image-detail=\"https:\/\/dauermanufacturing.com\/wp-content\/uploads\/2021\/10\/aria-II-architectural.png\">\n                <img decoding=\"async\" src=\"https:\/\/dauermanufacturing.com\/wp-content\/uploads\/2021\/10\/aria-II-architectural.png\" alt=\"Gallery Image\">\n        <\/a>\n\n                    <h3>Aria II Path Lights<\/h3>\n            <\/div>\n    \n    <div class=\"d-block d-lg-none\"><!-- mobile - show only square thumbnail in mobile -->\n        <a class=\"thumb \" \n                        href=\"https:\/\/dauermanufacturing.com\/products\/path-lights\/aria-ii-21-inches\" \n            data-image-detail=\"https:\/\/dauermanufacturing.com\/wp-content\/uploads\/2021\/10\/aria-II-architectural.png\">\n                <img decoding=\"async\" src=\"https:\/\/dauermanufacturing.com\/wp-content\/uploads\/2021\/10\/aria-II-architectural.png\" alt=\"Gallery Image\">\n        <\/a>\n                    <h3>Aria II Path Lights<\/h3>\n            <\/div>\n\n<\/div><!-- card -->\n\n\n<div class=\"card\"> \n    \n    <div class=\"d-none d-sm-none d-md-none d-lg-block\"><!-- desktop -->\n        <a class=\"thumb \" \n                        href=\"https:\/\/dauermanufacturing.com\/products\/uplights\/astor\" \n            data-image-detail=\"https:\/\/dauermanufacturing.com\/wp-content\/uploads\/2021\/10\/astor-architectural.png\">\n                <img decoding=\"async\" src=\"https:\/\/dauermanufacturing.com\/wp-content\/uploads\/2021\/10\/astor-architectural.png\" alt=\"Gallery Image\">\n        <\/a>\n\n                    <h3>Astor Uplights<\/h3>\n            <\/div>\n    \n    <div class=\"d-block d-lg-none\"><!-- mobile - show only square thumbnail in mobile -->\n        <a class=\"thumb \" \n                        href=\"https:\/\/dauermanufacturing.com\/products\/uplights\/astor\" \n            data-image-detail=\"https:\/\/dauermanufacturing.com\/wp-content\/uploads\/2021\/10\/astor-architectural.png\">\n                <img decoding=\"async\" src=\"https:\/\/dauermanufacturing.com\/wp-content\/uploads\/2021\/10\/astor-architectural.png\" alt=\"Gallery Image\">\n        <\/a>\n                    <h3>Astor Uplights<\/h3>\n            <\/div>\n\n<\/div><!-- card -->\n        <\/div>\n\n    <\/div>\n\n\n<div class=\"featurette \">\n    <div class=\"container\">\n        <div class=\"row\">\n            <div class=\"col-md-12\">\n                <div class=\"wrapper right\">\n                    <img decoding=\"async\" class=\"thumb\" src=\"https:\/\/dauermanufacturing.com\/wp-content\/uploads\/2021\/10\/mariner-architectural.png\" alt=\"\"> \n                    <div class=\"info\">\n                        <h2>Ofrecemos colores personalizados<\/h2>\n                        <div class=\"lead\"><p>Adem\u00e1s de nuestros colores arquitect\u00f3nicos, ofrecemos una variedad de otros colores en stock. Tambi\u00e9n podemos personalizar los colores seg\u00fan el deseo espec\u00edfico de su cliente. Comparte una muestra de color contigo. Crearemos su propio color caracter\u00edstico para combinar.<\/p>\n<\/div>\n                                            <\/div>\n                <\/div><!-- inner -->\n            <\/div><!-- col -->\n        <\/div><!-- row -->\n    <\/div><!-- container -->\n<\/div><!-- reward-program-cta -->\n\n\n\n<div class=\"centered-large-text block\"> \n    <div class=\"container\">\n        <div class=\"row justify-content-center\">\n            <div class=\"col-md-12 col-lg-8\">\n                <div class=\"wrapper\">\n                    <div class=\"info\">\n                        <h2>Llama al 1.888.DAUER.LED hoy para analizar tus necesidades de recubrimiento en polvo personalizado.<\/h2>\n                        <div class=\"lead\"><\/div>\n                    <\/div>\n                <\/div>\n            <\/div>\n        <\/div>\n    <\/div>\n<\/div><!-- item -->\n\n                    <\/div><!-- wrapper -->\n\t\t\t\t<\/div><!-- prodmotion-single -->\n\t\t\t<\/div><!-- col -->\n        <\/div><!-- row -->\n    <\/div><!-- container -->\n\n\n\n\n\n\n\n\n\n\n<div id=\"custom-reward-program-cta\" class=\"block__custom-reward-program-cta block-loading  preview\" styles=\"\">\n\n    <div class=\"wrapper\">\n        <img decoding=\"async\" src=\"https:\/\/dauermanufacturing.com\/wp-content\/uploads\/2021\/08\/dauer-power-play-logo.png\" alt=\"Logo Image\">\n        <p class=\"\">Nuestro programa Power Play pone el poder de Dauer en sus manos, al recompensar su lealtad con incentivos y beneficios que mejoran su forma de hacer negocios. Ser parte de nuestro programa de iluminaci\u00f3n profesional no cuesta nada y hay muchos tipos diferentes de recompensas disponibles que se adaptan a su negocio.<\/p>\n        <a class=\"btn\" href=\"https:\/\/dauermanufacturing.com\/es\/registro-de-miembros\" target=\"_blank\">\n            Inscr\u00edbete hoy        <\/a>\n    <\/div>\n\n<\/div>","protected":false},"excerpt":{"rendered":"Many of the fixtures shown on our website can be powder coated in designer colors. Standard Architectural Colors are white, black and silver, and come in a fine-textured finish.","protected":false},"author":1,"featured_media":11837,"parent":0,"menu_order":0,"comment_status":"closed","ping_status":"closed","template":"template-blank.php","meta":{"nf_dc_page":"","footnotes":""},"class_list":["post-15435","page","type-page","status-publish","has-post-thumbnail","hentry","entry"],"yoast_head":"<!-- This site is optimized with the Yoast SEO plugin v27.2 - https:\/\/yoast.com\/product\/yoast-seo-wordpress\/ -->\n<title>Standard Architectural Powder Coated Light Fixtures<\/title>\n<meta name=\"description\" content=\"Dauer Manufacturing light fixtures can be powder coated in designer colors. Standard Architectural Colors are white, black &amp; silver, &amp; come in a fine-textured finish.\" \/>\n<meta name=\"robots\" content=\"index, follow, max-snippet:-1, max-image-preview:large, max-video-preview:-1\" \/>\n<link rel=\"canonical\" href=\"https:\/\/dauermanufacturing.com\/es\/colores-arquitectonicos\" \/>\n<meta property=\"og:locale\" content=\"es_ES\" \/>\n<meta property=\"og:type\" content=\"article\" \/>\n<meta property=\"og:title\" content=\"Standard Architectural Powder Coated Light Fixtures\" \/>\n<meta property=\"og:description\" content=\"Dauer Manufacturing light fixtures can be powder coated in designer colors. Standard Architectural Colors are white, black &amp; silver, &amp; come in a fine-textured finish.\" \/>\n<meta property=\"og:url\" content=\"https:\/\/dauermanufacturing.com\/es\/colores-arquitectonicos\" \/>\n<meta property=\"og:site_name\" content=\"Dauer Manufacturing\" \/>\n<meta property=\"article:publisher\" content=\"https:\/\/www.facebook.com\/dauermanufacturing\/\" \/>\n<meta property=\"article:modified_time\" content=\"2024-05-22T16:24:54+00:00\" \/>\n<meta property=\"og:image\" content=\"https:\/\/dauermanufacturing.com\/wp-content\/uploads\/2021\/10\/background-custom-powder-coating-1080x720.jpg\" \/>\n\t<meta property=\"og:image:width\" content=\"1080\" \/>\n\t<meta property=\"og:image:height\" content=\"720\" \/>\n\t<meta property=\"og:image:type\" content=\"image\/jpeg\" \/>\n<meta name=\"twitter:card\" content=\"summary_large_image\" \/>\n<meta name=\"twitter:label1\" content=\"Tiempo de lectura\" \/>\n\t<meta name=\"twitter:data1\" content=\"1 minuto\" \/>\n<script type=\"application\/ld+json\" class=\"yoast-schema-graph\">{\"@context\":\"https:\/\/schema.org\",\"@graph\":[{\"@type\":\"WebPage\",\"@id\":\"https:\/\/dauermanufacturing.com\/es\/colores-arquitectonicos\",\"url\":\"https:\/\/dauermanufacturing.com\/es\/colores-arquitectonicos\",\"name\":\"Standard Architectural Powder Coated Light Fixtures\",\"isPartOf\":{\"@id\":\"https:\/\/dauermanufacturing.com\/es#website\"},\"primaryImageOfPage\":{\"@id\":\"https:\/\/dauermanufacturing.com\/es\/colores-arquitectonicos#primaryimage\"},\"image\":{\"@id\":\"https:\/\/dauermanufacturing.com\/es\/colores-arquitectonicos#primaryimage\"},\"thumbnailUrl\":\"https:\/\/dauermanufacturing.com\/wp-content\/uploads\/2021\/10\/background-custom-powder-coating.jpg\",\"datePublished\":\"2021-10-12T05:18:33+00:00\",\"dateModified\":\"2024-05-22T16:24:54+00:00\",\"description\":\"Dauer Manufacturing light fixtures can be powder coated in designer colors. Standard Architectural Colors are white, black & silver, & come in a fine-textured finish.\",\"breadcrumb\":{\"@id\":\"https:\/\/dauermanufacturing.com\/es\/colores-arquitectonicos#breadcrumb\"},\"inLanguage\":\"es\",\"potentialAction\":[{\"@type\":\"ReadAction\",\"target\":[\"https:\/\/dauermanufacturing.com\/es\/colores-arquitectonicos\"]}]},{\"@type\":\"ImageObject\",\"inLanguage\":\"es\",\"@id\":\"https:\/\/dauermanufacturing.com\/es\/colores-arquitectonicos#primaryimage\",\"url\":\"https:\/\/dauermanufacturing.com\/wp-content\/uploads\/2021\/10\/background-custom-powder-coating.jpg\",\"contentUrl\":\"https:\/\/dauermanufacturing.com\/wp-content\/uploads\/2021\/10\/background-custom-powder-coating.jpg\",\"width\":1920,\"height\":1280},{\"@type\":\"BreadcrumbList\",\"@id\":\"https:\/\/dauermanufacturing.com\/es\/colores-arquitectonicos#breadcrumb\",\"itemListElement\":[{\"@type\":\"ListItem\",\"position\":1,\"name\":\"Home\",\"item\":\"https:\/\/dauermanufacturing.com\/es\"},{\"@type\":\"ListItem\",\"position\":2,\"name\":\"Colores Arquitect\u00f3nicos\"}]},{\"@type\":\"WebSite\",\"@id\":\"https:\/\/dauermanufacturing.com\/es#website\",\"url\":\"https:\/\/dauermanufacturing.com\/es\",\"name\":\"Dauer Manufacturing\",\"description\":\"LED lamps, fixtures and transformers for the landscape lighting industry\",\"publisher\":{\"@id\":\"https:\/\/dauermanufacturing.com\/es#organization\"},\"potentialAction\":[{\"@type\":\"SearchAction\",\"target\":{\"@type\":\"EntryPoint\",\"urlTemplate\":\"https:\/\/dauermanufacturing.com\/es?s={search_term_string}\"},\"query-input\":{\"@type\":\"PropertyValueSpecification\",\"valueRequired\":true,\"valueName\":\"search_term_string\"}}],\"inLanguage\":\"es\"},{\"@type\":\"Organization\",\"@id\":\"https:\/\/dauermanufacturing.com\/es#organization\",\"name\":\"Dauer Manufacturing\",\"url\":\"https:\/\/dauermanufacturing.com\/es\",\"logo\":{\"@type\":\"ImageObject\",\"inLanguage\":\"es\",\"@id\":\"https:\/\/dauermanufacturing.com\/es#\/schema\/logo\/image\/\",\"url\":\"https:\/\/dauermanufacturing.com\/wp-content\/uploads\/2022\/07\/Dauer-Logo.jpg\",\"contentUrl\":\"https:\/\/dauermanufacturing.com\/wp-content\/uploads\/2022\/07\/Dauer-Logo.jpg\",\"width\":861,\"height\":300,\"caption\":\"Dauer Manufacturing\"},\"image\":{\"@id\":\"https:\/\/dauermanufacturing.com\/es#\/schema\/logo\/image\/\"},\"sameAs\":[\"https:\/\/www.facebook.com\/dauermanufacturing\/\",\"https:\/\/www.instagram.com\/dauermfg\/\",\"https:\/\/www.youtube.com\/channel\/UC_Fvs7gM1MbDcPAMuuluJZQ\"]}]}<\/script>\n<!-- \/ Yoast SEO plugin. -->","yoast_head_json":{"title":"Standard Architectural Powder Coated Light Fixtures","description":"Dauer Manufacturing light fixtures can be powder coated in designer colors. Standard Architectural Colors are white, black & silver, & come in a fine-textured finish.","robots":{"index":"index","follow":"follow","max-snippet":"max-snippet:-1","max-image-preview":"max-image-preview:large","max-video-preview":"max-video-preview:-1"},"canonical":"https:\/\/dauermanufacturing.com\/es\/colores-arquitectonicos","og_locale":"es_ES","og_type":"article","og_title":"Standard Architectural Powder Coated Light Fixtures","og_description":"Dauer Manufacturing light fixtures can be powder coated in designer colors. Standard Architectural Colors are white, black & silver, & come in a fine-textured finish.","og_url":"https:\/\/dauermanufacturing.com\/es\/colores-arquitectonicos","og_site_name":"Dauer Manufacturing","article_publisher":"https:\/\/www.facebook.com\/dauermanufacturing\/","article_modified_time":"2024-05-22T16:24:54+00:00","og_image":[{"width":1080,"height":720,"url":"https:\/\/dauermanufacturing.com\/wp-content\/uploads\/2021\/10\/background-custom-powder-coating-1080x720.jpg","type":"image\/jpeg"}],"twitter_card":"summary_large_image","twitter_misc":{"Tiempo de lectura":"1 minuto"},"schema":{"@context":"https:\/\/schema.org","@graph":[{"@type":"WebPage","@id":"https:\/\/dauermanufacturing.com\/es\/colores-arquitectonicos","url":"https:\/\/dauermanufacturing.com\/es\/colores-arquitectonicos","name":"Standard Architectural Powder Coated Light Fixtures","isPartOf":{"@id":"https:\/\/dauermanufacturing.com\/es#website"},"primaryImageOfPage":{"@id":"https:\/\/dauermanufacturing.com\/es\/colores-arquitectonicos#primaryimage"},"image":{"@id":"https:\/\/dauermanufacturing.com\/es\/colores-arquitectonicos#primaryimage"},"thumbnailUrl":"https:\/\/dauermanufacturing.com\/wp-content\/uploads\/2021\/10\/background-custom-powder-coating.jpg","datePublished":"2021-10-12T05:18:33+00:00","dateModified":"2024-05-22T16:24:54+00:00","description":"Dauer Manufacturing light fixtures can be powder coated in designer colors. Standard Architectural Colors are white, black & silver, & come in a fine-textured finish.","breadcrumb":{"@id":"https:\/\/dauermanufacturing.com\/es\/colores-arquitectonicos#breadcrumb"},"inLanguage":"es","potentialAction":[{"@type":"ReadAction","target":["https:\/\/dauermanufacturing.com\/es\/colores-arquitectonicos"]}]},{"@type":"ImageObject","inLanguage":"es","@id":"https:\/\/dauermanufacturing.com\/es\/colores-arquitectonicos#primaryimage","url":"https:\/\/dauermanufacturing.com\/wp-content\/uploads\/2021\/10\/background-custom-powder-coating.jpg","contentUrl":"https:\/\/dauermanufacturing.com\/wp-content\/uploads\/2021\/10\/background-custom-powder-coating.jpg","width":1920,"height":1280},{"@type":"BreadcrumbList","@id":"https:\/\/dauermanufacturing.com\/es\/colores-arquitectonicos#breadcrumb","itemListElement":[{"@type":"ListItem","position":1,"name":"Home","item":"https:\/\/dauermanufacturing.com\/es"},{"@type":"ListItem","position":2,"name":"Colores Arquitect\u00f3nicos"}]},{"@type":"WebSite","@id":"https:\/\/dauermanufacturing.com\/es#website","url":"https:\/\/dauermanufacturing.com\/es","name":"Dauer Manufacturing","description":"LED lamps, fixtures and transformers for the landscape lighting industry","publisher":{"@id":"https:\/\/dauermanufacturing.com\/es#organization"},"potentialAction":[{"@type":"SearchAction","target":{"@type":"EntryPoint","urlTemplate":"https:\/\/dauermanufacturing.com\/es?s={search_term_string}"},"query-input":{"@type":"PropertyValueSpecification","valueRequired":true,"valueName":"search_term_string"}}],"inLanguage":"es"},{"@type":"Organization","@id":"https:\/\/dauermanufacturing.com\/es#organization","name":"Dauer Manufacturing","url":"https:\/\/dauermanufacturing.com\/es","logo":{"@type":"ImageObject","inLanguage":"es","@id":"https:\/\/dauermanufacturing.com\/es#\/schema\/logo\/image\/","url":"https:\/\/dauermanufacturing.com\/wp-content\/uploads\/2022\/07\/Dauer-Logo.jpg","contentUrl":"https:\/\/dauermanufacturing.com\/wp-content\/uploads\/2022\/07\/Dauer-Logo.jpg","width":861,"height":300,"caption":"Dauer Manufacturing"},"image":{"@id":"https:\/\/dauermanufacturing.com\/es#\/schema\/logo\/image\/"},"sameAs":["https:\/\/www.facebook.com\/dauermanufacturing\/","https:\/\/www.instagram.com\/dauermfg\/","https:\/\/www.youtube.com\/channel\/UC_Fvs7gM1MbDcPAMuuluJZQ"]}]}},"meta_box":{"category_cards":[{"_state":"collapsed"}],"wpgmdev_hero_carousel_items":[{"wpgmdev_hero_carousel_items_interval":"5000","wpgmdev_hero_carousel_items_title":"<h2>The Title goes here <span>Bold content<\/span><\/h2>","wpgmdev_hero_carousel_items_button_label":"Read More","_state":"expanded"}]},"_links":{"self":[{"href":"https:\/\/dauermanufacturing.com\/es\/wp-json\/wp\/v2\/pages\/15435","targetHints":{"allow":["GET"]}}],"collection":[{"href":"https:\/\/dauermanufacturing.com\/es\/wp-json\/wp\/v2\/pages"}],"about":[{"href":"https:\/\/dauermanufacturing.com\/es\/wp-json\/wp\/v2\/types\/page"}],"author":[{"embeddable":true,"href":"https:\/\/dauermanufacturing.com\/es\/wp-json\/wp\/v2\/users\/1"}],"replies":[{"embeddable":true,"href":"https:\/\/dauermanufacturing.com\/es\/wp-json\/wp\/v2\/comments?post=15435"}],"version-history":[{"count":0,"href":"https:\/\/dauermanufacturing.com\/es\/wp-json\/wp\/v2\/pages\/15435\/revisions"}],"wp:featuredmedia":[{"embeddable":true,"href":"https:\/\/dauermanufacturing.com\/es\/wp-json\/wp\/v2\/media\/11837"}],"wp:attachment":[{"href":"https:\/\/dauermanufacturing.com\/es\/wp-json\/wp\/v2\/media?parent=15435"}],"curies":[{"name":"wp","href":"https:\/\/api.w.org\/{rel}","templated":true}]}}