{"id":15487,"date":"2021-10-10T16:56:22","date_gmt":"2021-10-10T20:56:22","guid":{"rendered":"https:\/\/dauermanufacturing.com\/lamps-and-fixtures"},"modified":"2025-10-21T17:00:14","modified_gmt":"2025-10-21T21:00:14","slug":"lamparas-y-accesorios","status":"publish","type":"page","link":"https:\/\/dauermanufacturing.com\/es\/lamparas-y-accesorios","title":{"rendered":"L\u00e1mparas y Accesorios"},"content":{"rendered":"\n<div class=\"page-hero block\"> \n\n    \n        <div class=\"wrapper\">\n                            <div class=\"image\">\n                    <img decoding=\"async\" class=\"d-none d-sm-none d-md-none d-lg-block\" src=\"https:\/\/dauermanufacturing.com\/wp-content\/uploads\/2024\/02\/background-dauer-lamps-scaled-1-1687x640.jpg\" alt=\"\" width=\"100%\"><!-- desktop -->\n                    <img decoding=\"async\" class=\"d-block d-lg-none\" src=\"https:\/\/dauermanufacturing.com\/wp-content\/uploads\/2024\/02\/background-dauer-lamps-scaled-1-640x400.jpg\" alt=\"\" width=\"100%\"><!-- mobile -->\n                <\/div>\n                    <\/div><!-- wrapper -->\n\n    \n    \n     \n        <h1 class=\"header\">L\u00e1mparas y Accesorios<\/h1>\n        \n     \n        <div class=\"lead\"><p>Las l\u00e1mparas (bombillas) LED de Dauer ahorran energ\u00eda, brindan una luz hermosa y constante sin importar el entorno y tienen una garant\u00eda de cinco a\u00f1os completos.<\/p>\n<\/div>\n    \n<\/div><!-- item -->\n\n\n\n\n    <div class=\"container\">\n\t\t<div class=\"row justify-content-center\">\n\t\t\t<div class=\"col-md-12:Wide\">\n\t\t\t\t<div class=\"page-content\">\n\t\t\t\t\t<div class=\"wrapper\">\n                        \n\n\n    <div class=\"featured-categories\">   \n                <div class=\"wrapper\">\n            \n\n\n\n<div class=\"card\"> \n    <a class=\"thumb\" href=\"https:\/\/dauermanufacturing.com\/es\/productos\/lamparas-dauer\/lamparas-de-bajo-voltaje\" title=\"\">\n        <img decoding=\"async\" src=\"https:\/\/dauermanufacturing.com\/wp-content\/uploads\/2025\/06\/Low-Voltage-Lamps-v2.png\" alt=\"\" width=\"100%\">\n    <\/a>\n\n            <h2>\n            <a class=\"btn\" href=\"https:\/\/dauermanufacturing.com\/es\/productos\/lamparas-dauer\/lamparas-de-bajo-voltaje\" title=\"\">\n                L\u00e1mparas de Bajo Voltaje            <\/a>\n        <\/h2>\n    \n            <p>L\u00e1mparas LED de 12V y 24V<\/p>\n    \n            <a class=\"btn small grey outlined\" href=\"https:\/\/dauermanufacturing.com\/es\/productos\/lamparas-dauer\/lamparas-de-bajo-voltaje\" title=\"\">Ver m\u00e1s<\/a>\n    \n<\/div><!-- item -->\n\n\n\n\n\n\n\n\n<div class=\"card\"> \n    <a class=\"thumb\" href=\"https:\/\/dauermanufacturing.com\/es\/productos\/lamparas-dauer\/lamparas-de-voltaje-en-linea\" title=\"\">\n        <img decoding=\"async\" src=\"https:\/\/dauermanufacturing.com\/wp-content\/uploads\/2021\/10\/line-voltage-lamps.png\" alt=\"\" width=\"100%\">\n    <\/a>\n\n            <h2>\n            <a class=\"btn\" href=\"https:\/\/dauermanufacturing.com\/es\/productos\/lamparas-dauer\/lamparas-de-voltaje-en-linea\" title=\"\">\n                L\u00e1mparas de Voltaje en Linea            <\/a>\n        <\/h2>\n    \n            <p>L\u00e1mparas de 120V y 230V<\/p>\n    \n            <a class=\"btn small grey outlined\" href=\"https:\/\/dauermanufacturing.com\/es\/productos\/lamparas-dauer\/lamparas-de-voltaje-en-linea\" title=\"\">Ver m\u00e1s<\/a>\n    \n<\/div><!-- item -->\n\n\n\n\n        <\/div><!-- wrapper -->\n    <\/div><!-- featured-categories -->\n\n\n\n\n<div class=\"product-group\">\n    <div class=\"container\">\n                \n        <div class=\"wrapper\">\n            \n\n<div class=\"card\"> \n    \n    <a class=\"thumb\" href=\"https:\/\/dauermanufacturing.com\/tag\/par36-lamps\" title=\"PAR 36 lamps\">\n        <img decoding=\"async\" src=\"https:\/\/dauermanufacturing.com\/wp-content\/uploads\/2023\/09\/AR36-LED-Lamp.png\" alt=\"PAR 36 lamps\">\n    <\/a>\n    \n            <h3 class=\"name\">\n            <a class=\"btn\" href=\"https:\/\/dauermanufacturing.com\/tag\/par36-lamps\" title=\"PAR 36 lamps\">\n                PAR 36 lamps            <\/a>\n        <\/h3>\n    \n    \n<\/div><!-- card -->\n\n\n\n\n\n<div class=\"card\"> \n    \n    <a class=\"thumb\" href=\"https:\/\/dauermanufacturing.com\/tag\/bi-pin-led-lamps\" title=\"Bi-Pin LED Lamps\">\n        <img decoding=\"async\" src=\"https:\/\/dauermanufacturing.com\/wp-content\/uploads\/2025\/10\/decorative-color-bi-pin-v3.png\" alt=\"Bi-Pin LED Lamps\">\n    <\/a>\n    \n            <h3 class=\"name\">\n            <a class=\"btn\" href=\"https:\/\/dauermanufacturing.com\/tag\/bi-pin-led-lamps\" title=\"Bi-Pin LED Lamps\">\n                Bi-Pin LED Lamps            <\/a>\n        <\/h3>\n    \n    \n<\/div><!-- card -->\n\n\n\n\n\n<div class=\"card\"> \n    \n    <a class=\"thumb\" href=\"https:\/\/dauermanufacturing.com\/products\/mini-floods\" title=\"Floods\">\n        <img decoding=\"async\" src=\"https:\/\/dauermanufacturing.com\/wp-content\/uploads\/2021\/09\/led-mini-floods-gallery-02.png\" alt=\"Floods\">\n    <\/a>\n    \n            <h3 class=\"name\">\n            <a class=\"btn\" href=\"https:\/\/dauermanufacturing.com\/products\/mini-floods\" title=\"Floods\">\n                Floods            <\/a>\n        <\/h3>\n    \n    \n<\/div><!-- card -->\n\n\n\n\n\n<div class=\"card\"> \n    \n    <a class=\"thumb\" href=\"https:\/\/dauermanufacturing.com\/tag\/g9-led-lamps\" title=\"G9 Series LED Lamps\">\n        <img decoding=\"async\" src=\"https:\/\/dauermanufacturing.com\/wp-content\/uploads\/2021\/10\/G9-4W-LED.png\" alt=\"G9 Series LED Lamps\">\n    <\/a>\n    \n            <h3 class=\"name\">\n            <a class=\"btn\" href=\"https:\/\/dauermanufacturing.com\/tag\/g9-led-lamps\" title=\"G9 Series LED Lamps\">\n                G9 Series LED Lamps            <\/a>\n        <\/h3>\n    \n    \n<\/div><!-- card -->\n\n\n\n\n\n<div class=\"card\"> \n    \n    <a class=\"thumb\" href=\"https:\/\/dauermanufacturing.com\/tag\/mr8\" title=\"MR8 LED Lamps\">\n        <img decoding=\"async\" src=\"https:\/\/dauermanufacturing.com\/wp-content\/uploads\/2021\/10\/MR8-2W.png\" alt=\"MR8 LED Lamps\">\n    <\/a>\n    \n            <h3 class=\"name\">\n            <a class=\"btn\" href=\"https:\/\/dauermanufacturing.com\/tag\/mr8\" title=\"MR8 LED Lamps\">\n                MR8 LED Lamps            <\/a>\n        <\/h3>\n    \n    \n<\/div><!-- card -->\n\n\n\n\n\n<div class=\"card\"> \n    \n    <a class=\"thumb\" href=\"https:\/\/dauermanufacturing.com\/tag\/mr16-led-lamps\" title=\"MR16-Series LED Lamps\">\n        <img decoding=\"async\" src=\"https:\/\/dauermanufacturing.com\/wp-content\/uploads\/2025\/06\/mr16-5w-led-lamps.png\" alt=\"MR16-Series LED Lamps\">\n    <\/a>\n    \n            <h3 class=\"name\">\n            <a class=\"btn\" href=\"https:\/\/dauermanufacturing.com\/tag\/mr16-led-lamps\" title=\"MR16-Series LED Lamps\">\n                MR16-Series LED Lamps            <\/a>\n        <\/h3>\n    \n    \n<\/div><!-- card -->\n\n\n\n\n\n<div class=\"card\"> \n    \n    <a class=\"thumb\" href=\"https:\/\/dauermanufacturing.com\/tag\/torpedoes\" title=\"Torpedo LED Lamps\">\n        <img decoding=\"async\" src=\"https:\/\/dauermanufacturing.com\/wp-content\/uploads\/2021\/10\/torpedo-120-volt.png\" alt=\"Torpedo LED Lamps\">\n    <\/a>\n    \n            <h3 class=\"name\">\n            <a class=\"btn\" href=\"https:\/\/dauermanufacturing.com\/tag\/torpedoes\" title=\"Torpedo LED Lamps\">\n                Torpedo LED Lamps            <\/a>\n        <\/h3>\n    \n    \n<\/div><!-- card -->\n\n\n\n\n\n<div class=\"card\"> \n    \n    <a class=\"thumb\" href=\"https:\/\/dauermanufacturing.com\/tag\/led-tubes\" title=\"LED Tubes\">\n        <img decoding=\"async\" src=\"https:\/\/dauermanufacturing.com\/wp-content\/uploads\/2021\/09\/retro-logic-direct-wire-tubes.png\" alt=\"LED Tubes\">\n    <\/a>\n    \n            <h3 class=\"name\">\n            <a class=\"btn\" href=\"https:\/\/dauermanufacturing.com\/tag\/led-tubes\" title=\"LED Tubes\">\n                LED Tubes            <\/a>\n        <\/h3>\n    \n    \n<\/div><!-- card -->\n\n\n\n\n\n<div class=\"card\"> \n    \n    <a class=\"thumb\" href=\"https:\/\/dauermanufacturing.com\/tag\/wedges\" title=\"Wedge Lamps\">\n        <img decoding=\"async\" src=\"https:\/\/dauermanufacturing.com\/wp-content\/uploads\/2021\/09\/s8-auto-type-wedge-base-led.png\" alt=\"Wedge Lamps\">\n    <\/a>\n    \n            <h3 class=\"name\">\n            <a class=\"btn\" href=\"https:\/\/dauermanufacturing.com\/tag\/wedges\" title=\"Wedge Lamps\">\n                Wedge Lamps            <\/a>\n        <\/h3>\n    \n    \n<\/div><!-- card -->\n\n\n\n\n\n<div class=\"card\"> \n    \n    <a class=\"thumb\" href=\"https:\/\/dauermanufacturing.com\/tag\/wildlife-safe\" title=\"Wildlife Safe Lamps\">\n        <img decoding=\"async\" src=\"https:\/\/dauermanufacturing.com\/wp-content\/uploads\/2021\/09\/PAR20-6W-decorative-colors.png\" alt=\"Wildlife Safe Lamps\">\n    <\/a>\n    \n            <h3 class=\"name\">\n            <a class=\"btn\" href=\"https:\/\/dauermanufacturing.com\/tag\/wildlife-safe\" title=\"Wildlife Safe Lamps\">\n                Wildlife Safe Lamps            <\/a>\n        <\/h3>\n    \n    \n<\/div><!-- card -->\n\n\n\n\n\n<div class=\"card\"> \n    \n    <a class=\"thumb\" href=\"https:\/\/dauermanufacturing.com\/tag\/decorative-colors\" title=\"Decorative Colors\">\n        <img decoding=\"async\" src=\"https:\/\/dauermanufacturing.com\/wp-content\/uploads\/2021\/10\/MR16-2W-LED.png\" alt=\"Decorative Colors\">\n    <\/a>\n    \n            <h3 class=\"name\">\n            <a class=\"btn\" href=\"https:\/\/dauermanufacturing.com\/tag\/decorative-colors\" title=\"Decorative Colors\">\n                Decorative Colors            <\/a>\n        <\/h3>\n    \n    \n<\/div><!-- card -->\n\n\n\n        <\/div>\n    <\/div>\n<\/div>\n                    <\/div><!-- wrapper -->\n\t\t\t\t<\/div><!-- prodmotion-single -->\n\t\t\t<\/div><!-- col -->\n        <\/div><!-- row -->\n    <\/div><!-- container -->\n\n\n\n\n\n\n\n\n\n\n<div id=\"custom-featured-catalogs\" class=\"block__custom-featured-catalogs block-loading  preview cols-3\" styles=\"\">\n\n    \n        <div class=\"container\">\n\n                            <h2>Cat\u00e1logos y Videos: Explore la Experiencia de Dauer como Fabricante de Luces LED<\/h2>\n            \n            <div class=\"wrapper\">\n        \n                                            <div class=\"item\">\n\n                                <a id=\"CustomGridThumbnail-1\" class=\"thumb\" href=\"https:\/\/dauermanufacturing.com\/wp-content\/uploads\/2026\/03\/26010-DAUER-_2026-e-brochure-for-website.pdf\">\n                                    <img decoding=\"async\" src=\"https:\/\/dauermanufacturing.com\/wp-content\/uploads\/2026\/03\/Products-Brochure-2026-640x640.webp\">\n                                <\/a>\n\n                                <a id=\"CustomGridTitle-1\" class=\"title\" href=\"https:\/\/dauermanufacturing.com\/wp-content\/uploads\/2026\/03\/26010-DAUER-_2026-e-brochure-for-website.pdf\">\n                                    Folleto de Productos 2026                                 <\/a>\n\n                            <\/div>\n\n                                                    <div class=\"item\">\n\n                                <a id=\"CustomGridThumbnail-2\" class=\"thumb\" href=\"https:\/\/dauermanufacturing.com\/catalogs-and-videos\/silhouette-bollard-making-process\">\n                                    <img decoding=\"async\" src=\"https:\/\/dauermanufacturing.com\/wp-content\/uploads\/2021\/10\/sillouette-bollard-making-process-640x640.jpg\">\n                                <\/a>\n\n                                <a id=\"CustomGridTitle-2\" class=\"title\" href=\"https:\/\/dauermanufacturing.com\/catalogs-and-videos\/silhouette-bollard-making-process\">\n                                    Fabricaci\u00f3n de Pivotes de Silueta                                <\/a>\n\n                            <\/div>\n\n                                                    <div class=\"item\">\n\n                                <a id=\"CustomGridThumbnail-3\" class=\"thumb\" href=\"https:\/\/dauermanufacturing.com\/catalogs-and-videos\/dauer-video\">\n                                    <img decoding=\"async\" src=\"https:\/\/dauermanufacturing.com\/wp-content\/uploads\/2021\/10\/elegant-accents-jeff-voth-640x640.jpg\">\n                                <\/a>\n\n                                <a id=\"CustomGridTitle-3\" class=\"title\" href=\"https:\/\/dauermanufacturing.com\/catalogs-and-videos\/dauer-video\">\n                                    V\u00eddeo de la Empresa Dauer                                <\/a>\n\n                            <\/div>\n\n                                        \n            <\/div>\n\n                            <a class=\"btn\" href=\"http:\/\/dauermanufacturing.com\/es\/catalogos-y-videos\" aria-label=\"Ver Todos\">Ver Todos<\/a>\n            \n        <\/div>\n    \n<\/div>\n\n\n ","protected":false},"excerpt":{"rendered":"Las l\u00e1mparas (bombillas) LED de Dauer ahorran energ\u00eda, brindan una luz hermosa y constante sin importar el entorno y tienen una garant\u00eda de cinco a\u00f1os completos.","protected":false},"author":1,"featured_media":14473,"parent":0,"menu_order":0,"comment_status":"closed","ping_status":"closed","template":"template-blank.php","meta":{"nf_dc_page":"","footnotes":""},"class_list":["post-15487","page","type-page","status-publish","has-post-thumbnail","hentry","entry"],"yoast_head":"<!-- This site is optimized with the Yoast SEO plugin v27.2 - https:\/\/yoast.com\/product\/yoast-seo-wordpress\/ -->\n<title>LED Lamp &amp; Fixture Manufacturer | Dauer Manufacturing<\/title>\n<meta name=\"description\" content=\"Las l\u00e1mparas (bombillas) LED de Dauer ahorran energ\u00eda, brindan una luz hermosa y constante sin importar el entorno y tienen una garant\u00eda de cinco a\u00f1os completos.\" \/>\n<meta name=\"robots\" content=\"index, follow, max-snippet:-1, max-image-preview:large, max-video-preview:-1\" \/>\n<link rel=\"canonical\" href=\"https:\/\/dauermanufacturing.com\/es\/lamparas-y-accesorios\" \/>\n<meta property=\"og:locale\" content=\"es_ES\" \/>\n<meta property=\"og:type\" content=\"article\" \/>\n<meta property=\"og:title\" content=\"LED Lamp &amp; Fixture Manufacturer | Dauer Manufacturing\" \/>\n<meta property=\"og:description\" content=\"Las l\u00e1mparas (bombillas) LED de Dauer ahorran energ\u00eda, brindan una luz hermosa y constante sin importar el entorno y tienen una garant\u00eda de cinco a\u00f1os completos.\" \/>\n<meta property=\"og:url\" content=\"https:\/\/dauermanufacturing.com\/es\/lamparas-y-accesorios\" \/>\n<meta property=\"og:site_name\" content=\"Dauer Manufacturing\" \/>\n<meta property=\"article:publisher\" content=\"https:\/\/www.facebook.com\/dauermanufacturing\/\" \/>\n<meta property=\"article:modified_time\" content=\"2025-10-21T21:00:14+00:00\" \/>\n<meta property=\"og:image\" content=\"https:\/\/dauermanufacturing.com\/wp-content\/uploads\/2024\/02\/background-dauer-lamps-scaled-1.jpg\" \/>\n\t<meta property=\"og:image:width\" content=\"1687\" \/>\n\t<meta property=\"og:image:height\" content=\"2560\" \/>\n\t<meta property=\"og:image:type\" content=\"image\/jpeg\" \/>\n<meta name=\"twitter:card\" content=\"summary_large_image\" \/>\n<meta name=\"twitter:label1\" content=\"Tiempo de lectura\" \/>\n\t<meta name=\"twitter:data1\" content=\"1 minuto\" \/>\n<script type=\"application\/ld+json\" class=\"yoast-schema-graph\">{\"@context\":\"https:\/\/schema.org\",\"@graph\":[{\"@type\":\"WebPage\",\"@id\":\"https:\/\/dauermanufacturing.com\/es\/lamparas-y-accesorios\",\"url\":\"https:\/\/dauermanufacturing.com\/es\/lamparas-y-accesorios\",\"name\":\"LED Lamp & Fixture Manufacturer | Dauer Manufacturing\",\"isPartOf\":{\"@id\":\"https:\/\/dauermanufacturing.com\/es#website\"},\"primaryImageOfPage\":{\"@id\":\"https:\/\/dauermanufacturing.com\/es\/lamparas-y-accesorios#primaryimage\"},\"image\":{\"@id\":\"https:\/\/dauermanufacturing.com\/es\/lamparas-y-accesorios#primaryimage\"},\"thumbnailUrl\":\"https:\/\/dauermanufacturing.com\/wp-content\/uploads\/2024\/02\/background-dauer-lamps-scaled-1.jpg\",\"datePublished\":\"2021-10-10T20:56:22+00:00\",\"dateModified\":\"2025-10-21T21:00:14+00:00\",\"description\":\"Las l\u00e1mparas (bombillas) LED de Dauer ahorran energ\u00eda, brindan una luz hermosa y constante sin importar el entorno y tienen una garant\u00eda de cinco a\u00f1os completos.\",\"breadcrumb\":{\"@id\":\"https:\/\/dauermanufacturing.com\/es\/lamparas-y-accesorios#breadcrumb\"},\"inLanguage\":\"es\",\"potentialAction\":[{\"@type\":\"ReadAction\",\"target\":[\"https:\/\/dauermanufacturing.com\/es\/lamparas-y-accesorios\"]}]},{\"@type\":\"ImageObject\",\"inLanguage\":\"es\",\"@id\":\"https:\/\/dauermanufacturing.com\/es\/lamparas-y-accesorios#primaryimage\",\"url\":\"https:\/\/dauermanufacturing.com\/wp-content\/uploads\/2024\/02\/background-dauer-lamps-scaled-1.jpg\",\"contentUrl\":\"https:\/\/dauermanufacturing.com\/wp-content\/uploads\/2024\/02\/background-dauer-lamps-scaled-1.jpg\",\"width\":1687,\"height\":2560},{\"@type\":\"BreadcrumbList\",\"@id\":\"https:\/\/dauermanufacturing.com\/es\/lamparas-y-accesorios#breadcrumb\",\"itemListElement\":[{\"@type\":\"ListItem\",\"position\":1,\"name\":\"Home\",\"item\":\"https:\/\/dauermanufacturing.com\/es\"},{\"@type\":\"ListItem\",\"position\":2,\"name\":\"L\u00e1mparas y Accesorios\"}]},{\"@type\":\"WebSite\",\"@id\":\"https:\/\/dauermanufacturing.com\/es#website\",\"url\":\"https:\/\/dauermanufacturing.com\/es\",\"name\":\"Dauer Manufacturing\",\"description\":\"LED lamps, fixtures and transformers for the landscape lighting industry\",\"publisher\":{\"@id\":\"https:\/\/dauermanufacturing.com\/es#organization\"},\"potentialAction\":[{\"@type\":\"SearchAction\",\"target\":{\"@type\":\"EntryPoint\",\"urlTemplate\":\"https:\/\/dauermanufacturing.com\/es?s={search_term_string}\"},\"query-input\":{\"@type\":\"PropertyValueSpecification\",\"valueRequired\":true,\"valueName\":\"search_term_string\"}}],\"inLanguage\":\"es\"},{\"@type\":\"Organization\",\"@id\":\"https:\/\/dauermanufacturing.com\/es#organization\",\"name\":\"Dauer Manufacturing\",\"url\":\"https:\/\/dauermanufacturing.com\/es\",\"logo\":{\"@type\":\"ImageObject\",\"inLanguage\":\"es\",\"@id\":\"https:\/\/dauermanufacturing.com\/es#\/schema\/logo\/image\/\",\"url\":\"https:\/\/dauermanufacturing.com\/wp-content\/uploads\/2022\/07\/Dauer-Logo.jpg\",\"contentUrl\":\"https:\/\/dauermanufacturing.com\/wp-content\/uploads\/2022\/07\/Dauer-Logo.jpg\",\"width\":861,\"height\":300,\"caption\":\"Dauer Manufacturing\"},\"image\":{\"@id\":\"https:\/\/dauermanufacturing.com\/es#\/schema\/logo\/image\/\"},\"sameAs\":[\"https:\/\/www.facebook.com\/dauermanufacturing\/\",\"https:\/\/www.instagram.com\/dauermfg\/\",\"https:\/\/www.youtube.com\/channel\/UC_Fvs7gM1MbDcPAMuuluJZQ\"]}]}<\/script>\n<!-- \/ Yoast SEO plugin. -->","yoast_head_json":{"title":"LED Lamp & Fixture Manufacturer | Dauer Manufacturing","description":"Las l\u00e1mparas (bombillas) LED de Dauer ahorran energ\u00eda, brindan una luz hermosa y constante sin importar el entorno y tienen una garant\u00eda de cinco a\u00f1os completos.","robots":{"index":"index","follow":"follow","max-snippet":"max-snippet:-1","max-image-preview":"max-image-preview:large","max-video-preview":"max-video-preview:-1"},"canonical":"https:\/\/dauermanufacturing.com\/es\/lamparas-y-accesorios","og_locale":"es_ES","og_type":"article","og_title":"LED Lamp & Fixture Manufacturer | Dauer Manufacturing","og_description":"Las l\u00e1mparas (bombillas) LED de Dauer ahorran energ\u00eda, brindan una luz hermosa y constante sin importar el entorno y tienen una garant\u00eda de cinco a\u00f1os completos.","og_url":"https:\/\/dauermanufacturing.com\/es\/lamparas-y-accesorios","og_site_name":"Dauer Manufacturing","article_publisher":"https:\/\/www.facebook.com\/dauermanufacturing\/","article_modified_time":"2025-10-21T21:00:14+00:00","og_image":[{"width":1687,"height":2560,"url":"https:\/\/dauermanufacturing.com\/wp-content\/uploads\/2024\/02\/background-dauer-lamps-scaled-1.jpg","type":"image\/jpeg"}],"twitter_card":"summary_large_image","twitter_misc":{"Tiempo de lectura":"1 minuto"},"schema":{"@context":"https:\/\/schema.org","@graph":[{"@type":"WebPage","@id":"https:\/\/dauermanufacturing.com\/es\/lamparas-y-accesorios","url":"https:\/\/dauermanufacturing.com\/es\/lamparas-y-accesorios","name":"LED Lamp & Fixture Manufacturer | Dauer Manufacturing","isPartOf":{"@id":"https:\/\/dauermanufacturing.com\/es#website"},"primaryImageOfPage":{"@id":"https:\/\/dauermanufacturing.com\/es\/lamparas-y-accesorios#primaryimage"},"image":{"@id":"https:\/\/dauermanufacturing.com\/es\/lamparas-y-accesorios#primaryimage"},"thumbnailUrl":"https:\/\/dauermanufacturing.com\/wp-content\/uploads\/2024\/02\/background-dauer-lamps-scaled-1.jpg","datePublished":"2021-10-10T20:56:22+00:00","dateModified":"2025-10-21T21:00:14+00:00","description":"Las l\u00e1mparas (bombillas) LED de Dauer ahorran energ\u00eda, brindan una luz hermosa y constante sin importar el entorno y tienen una garant\u00eda de cinco a\u00f1os completos.","breadcrumb":{"@id":"https:\/\/dauermanufacturing.com\/es\/lamparas-y-accesorios#breadcrumb"},"inLanguage":"es","potentialAction":[{"@type":"ReadAction","target":["https:\/\/dauermanufacturing.com\/es\/lamparas-y-accesorios"]}]},{"@type":"ImageObject","inLanguage":"es","@id":"https:\/\/dauermanufacturing.com\/es\/lamparas-y-accesorios#primaryimage","url":"https:\/\/dauermanufacturing.com\/wp-content\/uploads\/2024\/02\/background-dauer-lamps-scaled-1.jpg","contentUrl":"https:\/\/dauermanufacturing.com\/wp-content\/uploads\/2024\/02\/background-dauer-lamps-scaled-1.jpg","width":1687,"height":2560},{"@type":"BreadcrumbList","@id":"https:\/\/dauermanufacturing.com\/es\/lamparas-y-accesorios#breadcrumb","itemListElement":[{"@type":"ListItem","position":1,"name":"Home","item":"https:\/\/dauermanufacturing.com\/es"},{"@type":"ListItem","position":2,"name":"L\u00e1mparas y Accesorios"}]},{"@type":"WebSite","@id":"https:\/\/dauermanufacturing.com\/es#website","url":"https:\/\/dauermanufacturing.com\/es","name":"Dauer Manufacturing","description":"LED lamps, fixtures and transformers for the landscape lighting industry","publisher":{"@id":"https:\/\/dauermanufacturing.com\/es#organization"},"potentialAction":[{"@type":"SearchAction","target":{"@type":"EntryPoint","urlTemplate":"https:\/\/dauermanufacturing.com\/es?s={search_term_string}"},"query-input":{"@type":"PropertyValueSpecification","valueRequired":true,"valueName":"search_term_string"}}],"inLanguage":"es"},{"@type":"Organization","@id":"https:\/\/dauermanufacturing.com\/es#organization","name":"Dauer Manufacturing","url":"https:\/\/dauermanufacturing.com\/es","logo":{"@type":"ImageObject","inLanguage":"es","@id":"https:\/\/dauermanufacturing.com\/es#\/schema\/logo\/image\/","url":"https:\/\/dauermanufacturing.com\/wp-content\/uploads\/2022\/07\/Dauer-Logo.jpg","contentUrl":"https:\/\/dauermanufacturing.com\/wp-content\/uploads\/2022\/07\/Dauer-Logo.jpg","width":861,"height":300,"caption":"Dauer Manufacturing"},"image":{"@id":"https:\/\/dauermanufacturing.com\/es#\/schema\/logo\/image\/"},"sameAs":["https:\/\/www.facebook.com\/dauermanufacturing\/","https:\/\/www.instagram.com\/dauermfg\/","https:\/\/www.youtube.com\/channel\/UC_Fvs7gM1MbDcPAMuuluJZQ"]}]}},"meta_box":{"category_cards":[{"_state":"collapsed"}],"wpgmdev_hero_carousel_items":[{"wpgmdev_hero_carousel_items_interval":"5000","wpgmdev_hero_carousel_items_title":"<h2>The Title goes here <span>Bold content<\/span><\/h2>","wpgmdev_hero_carousel_items_button_label":"Read More","_state":"expanded"}]},"_links":{"self":[{"href":"https:\/\/dauermanufacturing.com\/es\/wp-json\/wp\/v2\/pages\/15487","targetHints":{"allow":["GET"]}}],"collection":[{"href":"https:\/\/dauermanufacturing.com\/es\/wp-json\/wp\/v2\/pages"}],"about":[{"href":"https:\/\/dauermanufacturing.com\/es\/wp-json\/wp\/v2\/types\/page"}],"author":[{"embeddable":true,"href":"https:\/\/dauermanufacturing.com\/es\/wp-json\/wp\/v2\/users\/1"}],"replies":[{"embeddable":true,"href":"https:\/\/dauermanufacturing.com\/es\/wp-json\/wp\/v2\/comments?post=15487"}],"version-history":[{"count":0,"href":"https:\/\/dauermanufacturing.com\/es\/wp-json\/wp\/v2\/pages\/15487\/revisions"}],"wp:featuredmedia":[{"embeddable":true,"href":"https:\/\/dauermanufacturing.com\/es\/wp-json\/wp\/v2\/media\/14473"}],"wp:attachment":[{"href":"https:\/\/dauermanufacturing.com\/es\/wp-json\/wp\/v2\/media?parent=15487"}],"curies":[{"name":"wp","href":"https:\/\/api.w.org\/{rel}","templated":true}]}}